{"id":10441,"date":"2025-03-14T09:37:39","date_gmt":"2025-03-14T09:37:39","guid":{"rendered":"https:\/\/monstter.pt\/?post_type=product&#038;p=10441"},"modified":"2025-10-30T09:51:41","modified_gmt":"2025-10-30T09:51:41","slug":"opel-vivaro-2014-current-slimline-ii-roof-rack-kit","status":"publish","type":"product","link":"https:\/\/monstter.pt\/en\/produto\/opel-vivaro-2014-current-slimline-ii-roof-rack-kit\/","title":{"rendered":"Opel Vivaro (2014-Current) Slimline II Roof Rack Kit"},"content":{"rendered":"<div>\n<pre><span class=\"y2iqfc\">Esta Grade de Tejadilho<\/span><span class=\"y2iqfc\"> Slimline II de tamanho normal de 2772 mm\/109,1\" de comprimento cont\u00e9m a bandeja Slimline II, defletor de vento e 2 trilhos para os p\u00e9s para montar a bandeja Slimline II no seu Opel Vivaro. \u00c9 facilmente instalado usando os pontos de montagem de f\u00e1brica existentes. N\u00e3o \u00e9 necess\u00e1ria perfura\u00e7\u00e3o.<\/span><\/pre>\n<\/div>\n<div>\n<pre><span class=\"y2iqfc\">\u00a0<\/span><\/pre>\n<\/div>\n<div>\n<pre><span class=\"y2iqfc\">Todos os kits de rack Front Runner cont\u00eam instru\u00e7\u00f5es de instala\u00e7\u00e3o, bem como todos os componentes necess\u00e1rios para montar a bandeja Slimline II no seu ve\u00edculo.<\/span><\/pre>\n<\/div>\n","protected":false},"excerpt":{"rendered":"<p style=\"font-weight: 400;\">Viva a vida de van ao m\u00e1ximo instalando esta grade de tejadilho robusta (roof rack), desbloqueando seu potencial de armazenamento infinito.<\/p>\n<p style=\"font-weight: 400;\">Viagens de longa dist\u00e2ncia, fins de semana fora ou transporte de equipamentos de trabalho, como escadas ou canos, n\u00e3o s\u00e3o problemas para um rack confi\u00e1vel projetado para transportar grandes cargas.<\/p>\n<p style=\"font-weight: 400;\">\u00a0Prepare-se para transportar qualquer tipo de equipamento, pois h\u00e1 mais de 55 acess\u00f3rios de rack dispon\u00edveis.<\/p>\n<p style=\"font-weight: 400;\">\n","protected":false},"featured_media":10443,"comment_status":"closed","ping_status":"closed","template":"","meta":{"_seopress_robots_primary_cat":"none","_seopress_titles_title":"","_seopress_titles_desc":"","_seopress_robots_index":"","site-sidebar-layout":"default","site-content-layout":"","ast-site-content-layout":"default","site-content-style":"default","site-sidebar-style":"default","ast-global-header-display":"","ast-banner-title-visibility":"","ast-main-header-display":"","ast-hfb-above-header-display":"","ast-hfb-below-header-display":"","ast-hfb-mobile-header-display":"","site-post-title":"","ast-breadcrumbs-content":"","ast-featured-img":"","footer-sml-layout":"","ast-disable-related-posts":"","theme-transparent-header-meta":"default","adv-header-id-meta":"","stick-header-meta":"default","header-above-stick-meta":"","header-main-stick-meta":"","header-below-stick-meta":"","astra-migrate-meta-layouts":"set","ast-page-background-enabled":"default","ast-page-background-meta":{"desktop":{"background-color":"var(--ast-global-color-4)","background-image":"","background-repeat":"repeat","background-position":"center center","background-size":"auto","background-attachment":"scroll","background-type":"","background-media":"","overlay-type":"","overlay-color":"","overlay-opacity":"","overlay-gradient":""},"tablet":{"background-color":"","background-image":"","background-repeat":"repeat","background-position":"center center","background-size":"auto","background-attachment":"scroll","background-type":"","background-media":"","overlay-type":"","overlay-color":"","overlay-opacity":"","overlay-gradient":""},"mobile":{"background-color":"","background-image":"","background-repeat":"repeat","background-position":"center center","background-size":"auto","background-attachment":"scroll","background-type":"","background-media":"","overlay-type":"","overlay-color":"","overlay-opacity":"","overlay-gradient":""}},"ast-content-background-meta":{"desktop":{"background-color":"var(--ast-global-color-5)","background-image":"","background-repeat":"repeat","background-position":"center center","background-size":"auto","background-attachment":"scroll","background-type":"","background-media":"","overlay-type":"","overlay-color":"","overlay-opacity":"","overlay-gradient":""},"tablet":{"background-color":"var(--ast-global-color-5)","background-image":"","background-repeat":"repeat","background-position":"center center","background-size":"auto","background-attachment":"scroll","background-type":"","background-media":"","overlay-type":"","overlay-color":"","overlay-opacity":"","overlay-gradient":""},"mobile":{"background-color":"var(--ast-global-color-5)","background-image":"","background-repeat":"repeat","background-position":"center center","background-size":"auto","background-attachment":"scroll","background-type":"","background-media":"","overlay-type":"","overlay-color":"","overlay-opacity":"","overlay-gradient":""}}},"product_brand":[],"product_cat":[41,214,23],"product_tag":[],"class_list":{"0":"post-10441","1":"product","2":"type-product","3":"status-publish","4":"has-post-thumbnail","6":"product_cat-front-runner","7":"product_cat-front-runner-5","8":"product_cat-grades-e-barras-de-tejadilho","9":"desktop-align-left","10":"tablet-align-left","11":"mobile-align-left","12":"ast-product-gallery-layout-horizontal-slider","13":"ast-product-tabs-layout-horizontal","15":"first","16":"onbackorder","17":"taxable","18":"shipping-taxable","19":"purchasable","20":"product-type-simple"},"_links":{"self":[{"href":"https:\/\/monstter.pt\/en\/wp-json\/wp\/v2\/product\/10441","targetHints":{"allow":["GET"]}}],"collection":[{"href":"https:\/\/monstter.pt\/en\/wp-json\/wp\/v2\/product"}],"about":[{"href":"https:\/\/monstter.pt\/en\/wp-json\/wp\/v2\/types\/product"}],"replies":[{"embeddable":true,"href":"https:\/\/monstter.pt\/en\/wp-json\/wp\/v2\/comments?post=10441"}],"wp:featuredmedia":[{"embeddable":true,"href":"https:\/\/monstter.pt\/en\/wp-json\/wp\/v2\/media\/10443"}],"wp:attachment":[{"href":"https:\/\/monstter.pt\/en\/wp-json\/wp\/v2\/media?parent=10441"}],"wp:term":[{"taxonomy":"product_brand","embeddable":true,"href":"https:\/\/monstter.pt\/en\/wp-json\/wp\/v2\/product_brand?post=10441"},{"taxonomy":"product_cat","embeddable":true,"href":"https:\/\/monstter.pt\/en\/wp-json\/wp\/v2\/product_cat?post=10441"},{"taxonomy":"product_tag","embeddable":true,"href":"https:\/\/monstter.pt\/en\/wp-json\/wp\/v2\/product_tag?post=10441"}],"curies":[{"name":"wp","href":"https:\/\/api.w.org\/{rel}","templated":true}]}}