{"id":10707,"date":"2025-07-22T16:03:35","date_gmt":"2025-07-22T15:03:35","guid":{"rendered":"https:\/\/monstter.pt\/?post_type=product&#038;p=10707"},"modified":"2025-07-22T16:26:32","modified_gmt":"2025-07-22T15:26:32","slug":"briquetes-cabix-plus-para-fogueiras-e-churrasqueiras","status":"publish","type":"product","link":"https:\/\/monstter.pt\/en\/produto\/briquetes-cabix-plus-para-fogueiras-e-churrasqueiras\/","title":{"rendered":"Briquetes Cabix Plus para fogueiras e churrasqueiras"},"content":{"rendered":"<p>Quem cozinha ao ar livre agora tem os briquetes perfeitos para suas panelas, assadeiras e muito mais com o Cabix Plus.<\/p>\n<p>Gra\u00e7as \u00e0 sua grande superf\u00edcie e \u00e0 excelente circula\u00e7\u00e3o de ar gra\u00e7as ao perfil ranhurado, o Cabix Plus garante um calor est\u00e1vel na parte superior e inferior.<\/p>\n<p>A combust\u00e3o com baixo teor de cinzas dos briquetes facilita a limpeza da tampa e do forno ap\u00f3s o cozimento.<\/p>\n<p>Os Cabix Plus s\u00e3o feitos de mat\u00e9rias-primas naturais da produ\u00e7\u00e3o de leite de coco e s\u00e3o ecologicamente corretos, sustent\u00e1veis, veganos e sem gl\u00faten. om um tempo de queima de at\u00e9 quatro horas, o carv\u00e3o \u00e9 dimensionalmente est\u00e1vel e produz brasas uniformes com um alto valor cal\u00f3rico consistente. Se voc\u00ea apag\u00e1-las, o Cabix Plus pode ser reutilizado.<\/p>\n<p>O formato quadrado empilh\u00e1vel economiza espa\u00e7o durante o armazenamento.<\/p>\n","protected":false},"excerpt":{"rendered":"<div class=\"v2-keypoint\">\n<p><span>Calor constante para resultados de cozimento uniformes<\/span><\/p>\n<\/div>\n<div class=\"v2-keypoint\">\n<p><span>Formato empilh\u00e1vel para armazenamento com economia de espa\u00e7o<\/span><\/p>\n<\/div>\n<div class=\"v2-keypoint\">\n<p><span>Reutiliz\u00e1vel ap\u00f3s extin\u00e7\u00e3o<\/span><\/p>\n<\/div>\n","protected":false},"featured_media":10709,"comment_status":"closed","ping_status":"closed","template":"","meta":{"_seopress_robots_primary_cat":"","_seopress_titles_title":"","_seopress_titles_desc":"","_seopress_robots_index":"","site-sidebar-layout":"default","site-content-layout":"","ast-site-content-layout":"default","site-content-style":"default","site-sidebar-style":"default","ast-global-header-display":"","ast-banner-title-visibility":"","ast-main-header-display":"","ast-hfb-above-header-display":"","ast-hfb-below-header-display":"","ast-hfb-mobile-header-display":"","site-post-title":"","ast-breadcrumbs-content":"","ast-featured-img":"","footer-sml-layout":"","ast-disable-related-posts":"","theme-transparent-header-meta":"default","adv-header-id-meta":"","stick-header-meta":"default","header-above-stick-meta":"","header-main-stick-meta":"","header-below-stick-meta":"","astra-migrate-meta-layouts":"set","ast-page-background-enabled":"default","ast-page-background-meta":{"desktop":{"background-color":"var(--ast-global-color-4)","background-image":"","background-repeat":"repeat","background-position":"center center","background-size":"auto","background-attachment":"scroll","background-type":"","background-media":"","overlay-type":"","overlay-color":"","overlay-opacity":"","overlay-gradient":""},"tablet":{"background-color":"","background-image":"","background-repeat":"repeat","background-position":"center center","background-size":"auto","background-attachment":"scroll","background-type":"","background-media":"","overlay-type":"","overlay-color":"","overlay-opacity":"","overlay-gradient":""},"mobile":{"background-color":"","background-image":"","background-repeat":"repeat","background-position":"center center","background-size":"auto","background-attachment":"scroll","background-type":"","background-media":"","overlay-type":"","overlay-color":"","overlay-opacity":"","overlay-gradient":""}},"ast-content-background-meta":{"desktop":{"background-color":"var(--ast-global-color-5)","background-image":"","background-repeat":"repeat","background-position":"center center","background-size":"auto","background-attachment":"scroll","background-type":"","background-media":"","overlay-type":"","overlay-color":"","overlay-opacity":"","overlay-gradient":""},"tablet":{"background-color":"var(--ast-global-color-5)","background-image":"","background-repeat":"repeat","background-position":"center center","background-size":"auto","background-attachment":"scroll","background-type":"","background-media":"","overlay-type":"","overlay-color":"","overlay-opacity":"","overlay-gradient":""},"mobile":{"background-color":"var(--ast-global-color-5)","background-image":"","background-repeat":"repeat","background-position":"center center","background-size":"auto","background-attachment":"scroll","background-type":"","background-media":"","overlay-type":"","overlay-color":"","overlay-opacity":"","overlay-gradient":""}}},"product_brand":[],"product_cat":[219],"product_tag":[],"class_list":{"0":"post-10707","1":"product","2":"type-product","3":"status-publish","4":"has-post-thumbnail","6":"product_cat-petromax-2","7":"desktop-align-left","8":"tablet-align-left","9":"mobile-align-left","10":"ast-product-gallery-layout-horizontal-slider","11":"ast-product-tabs-layout-horizontal","13":"first","14":"instock","15":"taxable","16":"shipping-taxable","17":"purchasable","18":"product-type-simple"},"_links":{"self":[{"href":"https:\/\/monstter.pt\/en\/wp-json\/wp\/v2\/product\/10707","targetHints":{"allow":["GET"]}}],"collection":[{"href":"https:\/\/monstter.pt\/en\/wp-json\/wp\/v2\/product"}],"about":[{"href":"https:\/\/monstter.pt\/en\/wp-json\/wp\/v2\/types\/product"}],"replies":[{"embeddable":true,"href":"https:\/\/monstter.pt\/en\/wp-json\/wp\/v2\/comments?post=10707"}],"wp:featuredmedia":[{"embeddable":true,"href":"https:\/\/monstter.pt\/en\/wp-json\/wp\/v2\/media\/10709"}],"wp:attachment":[{"href":"https:\/\/monstter.pt\/en\/wp-json\/wp\/v2\/media?parent=10707"}],"wp:term":[{"taxonomy":"product_brand","embeddable":true,"href":"https:\/\/monstter.pt\/en\/wp-json\/wp\/v2\/product_brand?post=10707"},{"taxonomy":"product_cat","embeddable":true,"href":"https:\/\/monstter.pt\/en\/wp-json\/wp\/v2\/product_cat?post=10707"},{"taxonomy":"product_tag","embeddable":true,"href":"https:\/\/monstter.pt\/en\/wp-json\/wp\/v2\/product_tag?post=10707"}],"curies":[{"name":"wp","href":"https:\/\/api.w.org\/{rel}","templated":true}]}}