{"id":11008,"date":"2026-03-06T09:58:41","date_gmt":"2026-03-06T09:58:41","guid":{"rendered":"https:\/\/monstter.pt\/?post_type=product&#038;p=11008"},"modified":"2026-04-06T19:47:34","modified_gmt":"2026-04-06T18:47:34","slug":"tenda-evasion-proline","status":"publish","type":"product","link":"https:\/\/monstter.pt\/en\/produto\/tenda-evasion-proline\/","title":{"rendered":"Tenda Evasion PROLINE"},"content":{"rendered":"<div id=\"features\" class=\"wp-block-stackable-heading stk-block-heading stk-block-heading--v2 stk-block stk-e08ddf7\" style=\"text-align: left;\" data-block-id=\"e08ddf7\">\n<pre class=\"stk-block-heading__text\"><span dir=\"auto\">CARACTER\u00cdSTICAS<\/span><\/pre>\n<\/div>\n<div class=\"wp-block-stackable-columns alignfull stk-block-columns stk-block stk-24df80f\" data-block-id=\"24df80f\">\n<div class=\"stk-row stk-inner-blocks stk-block-content stk-content-align stk-24df80f-column alignfull\">\n<div class=\"wp-block-stackable-column stk-block-column stk-column stk-block stk-3037868\" data-v=\"4\" data-block-id=\"3037868\">\n<div class=\"stk-column-wrapper stk-block-column__content stk-container stk-3037868-container stk--no-background stk--no-padding\">\n<div class=\"stk-block-content stk-inner-blocks stk-3037868-inner-blocks\">\n<div class=\"stk-row stk-inner-blocks stk-block-content\">\n<div class=\"wp-block-stackable-icon stk-block-icon stk-block stk-8bb94dc\" data-block-id=\"8bb94dc\">\n<div class=\"stk--inner-svg\"><\/div>\n<\/div>\n<div id=\"reliable-under-extreme-weather\" class=\"wp-block-stackable-heading stk-block-heading stk-block-heading--v2 stk-block stk-6b17840\" data-block-id=\"6b17840\">\n<h3 class=\"stk-block-heading__text\"><span dir=\"auto\">Confi\u00e1vel em condi\u00e7\u00f5es clim\u00e1ticas extremas.<\/span><\/h3>\n<\/div>\n<\/div>\n<pre class=\"wp-block-stackable-icon-label stk-block-icon-label stk-block stk-a3e7a33\" data-block-id=\"a3e7a33\">\r\n\r\n<\/pre>\n<div class=\"stk-row stk-inner-blocks stk-block-content\">\n<div class=\"wp-block-stackable-icon stk-block-icon stk-block stk-a4fce8f\" data-block-id=\"a4fce8f\">\n<div class=\"stk--inner-svg\"><\/div>\n<\/div>\n<div id=\"comfortable-high-density-mattress\" class=\"wp-block-stackable-heading stk-block-heading stk-block-heading--v2 stk-block stk-cbe79a4\" data-block-id=\"cbe79a4\">\n<h3 class=\"stk-block-heading__text\"><span dir=\"auto\">Colch\u00e3o confort\u00e1vel de alta densidade<\/span><\/h3>\n<\/div>\n<\/div>\n<pre class=\"wp-block-stackable-icon-label stk-block-icon-label stk-block stk-a3e7a33\" data-block-id=\"a3e7a33\">\r\n\r\n<\/pre>\n<div class=\"stk-row stk-inner-blocks stk-block-content\">\n<div class=\"wp-block-stackable-icon stk-block-icon has-text-align-left stk-block stk-548ea72\" data-block-id=\"548ea72\">\n<div class=\"stk--inner-svg\"><\/div>\n<\/div>\n<div id=\"24-h-solar-powered-vent\" class=\"wp-block-stackable-heading stk-block-heading stk-block-heading--v2 stk-block stk-34aaeed\" data-block-id=\"34aaeed\">\n<h3 class=\"stk-block-heading__text\"><span dir=\"auto\">Ventila\u00e7\u00e3o com energia solar 24 horas<\/span><\/h3>\n<\/div>\n<\/div>\n<pre class=\"wp-block-stackable-icon-label stk-block-icon-label stk-block stk-a3e7a33\" data-block-id=\"a3e7a33\">\r\n\r\n<\/pre>\n<div class=\"stk-row stk-inner-blocks stk-block-content\">\n<div class=\"wp-block-stackable-icon stk-block-icon has-text-align-left stk-block stk-1b326ef\" data-block-id=\"1b326ef\">\n<div class=\"stk--inner-svg\"><\/div>\n<\/div>\n<div id=\"360-panoramic-views\" class=\"wp-block-stackable-heading stk-block-heading stk-block-heading--v2 stk-block stk-959c334\" data-block-id=\"959c334\">\n<h3 class=\"stk-block-heading__text\"><span dir=\"auto\">Vistas panor\u00e2micas de 360\u00ba<\/span><\/h3>\n<\/div>\n<\/div>\n<pre class=\"wp-block-stackable-icon-label stk-block-icon-label stk-block stk-a3e7a33\" data-block-id=\"a3e7a33\">\r\n\r\n<\/pre>\n<div class=\"stk-row stk-inner-blocks stk-block-content\">\n<div class=\"wp-block-stackable-icon stk-block-icon has-text-align-left stk-block stk-c99d667\" data-block-id=\"c99d667\">\n<div class=\"stk--inner-svg\"><\/div>\n<\/div>\n<div id=\"internal-storage-even-when-closed\" class=\"wp-block-stackable-heading stk-block-heading stk-block-heading--v2 stk-block stk-230d243\" data-block-id=\"230d243\">\n<h3 class=\"stk-block-heading__text\"><span dir=\"auto\">Armazenamento interno mesmo quando fechado<\/span><\/h3>\n<\/div>\n<\/div>\n<pre class=\"wp-block-stackable-icon-label stk-block-icon-label stk-block stk-a3e7a33\" data-block-id=\"a3e7a33\">\r\n\r\n<\/pre>\n<div class=\"stk-row stk-inner-blocks stk-block-content\">\n<div class=\"wp-block-stackable-icon stk-block-icon has-text-align-left stk-block stk-d79bae5\" data-block-id=\"d79bae5\">\n<div class=\"stk--inner-svg\"><\/div>\n<\/div>\n<div id=\"room-for-the-whole-family\" class=\"wp-block-stackable-heading stk-block-heading stk-block-heading--v2 stk-block stk-036edc1\" data-block-id=\"036edc1\">\n<h3 class=\"stk-block-heading__text\"><span dir=\"auto\">Espa\u00e7o para toda a fam\u00edlia<\/span><\/h3>\n<\/div>\n<\/div>\n<pre class=\"wp-block-stackable-icon-label stk-block-icon-label stk-block stk-a3e7a33\" data-block-id=\"a3e7a33\">\r\n\r\n<\/pre>\n<div class=\"stk-row stk-inner-blocks stk-block-content\">\n<div class=\"wp-block-stackable-icon stk-block-icon has-text-align-left stk-block stk-32e134a\" data-block-id=\"32e134a\">\n<div class=\"stk--inner-svg\"><\/div>\n<\/div>\n<div id=\"quick-to-open-and-close\" class=\"wp-block-stackable-heading stk-block-heading stk-block-heading--v2 stk-block stk-b8114a4\" data-block-id=\"b8114a4\">\n<h3 class=\"stk-block-heading__text\"><span dir=\"auto\">R\u00e1pido para abrir e fechar.<\/span><\/h3>\n<\/div>\n<\/div>\n<pre class=\"wp-block-stackable-icon-label stk-block-icon-label stk-block stk-a3e7a33\" data-block-id=\"a3e7a33\">\r\n\r\n<\/pre>\n<div class=\"stk-row stk-inner-blocks stk-block-content\">\n<div class=\"wp-block-stackable-icon stk-block-icon has-text-align-left stk-block stk-477d853\" data-block-id=\"477d853\">\n<div class=\"stk--inner-svg\"><\/div>\n<\/div>\n<div id=\"comes-in-any-color-you-choose\" class=\"wp-block-stackable-heading stk-block-heading stk-block-heading--v2 stk-block stk-fa1c593\" data-block-id=\"fa1c593\">\n<h3 class=\"stk-block-heading__text\"><span dir=\"auto\">Dispon\u00edvel em qualquer cor que voc\u00ea escolher.<\/span><\/h3>\n<\/div>\n<\/div>\n<div class=\"wp-block-stackable-icon-label stk-block-icon-label stk-block stk-2675eca\" data-block-id=\"2675eca\">\n<div class=\"stk-row stk-inner-blocks stk-block-content\">\n<div class=\"stk--inner-svg\"><\/div>\n<div id=\"up-to-5-year-industry-leading-warranty\" class=\"wp-block-stackable-heading stk-block-heading stk-block-heading--v2 stk-block stk-375e292\" style=\"text-align: left;\" data-block-id=\"375e292\">\n<pre class=\"stk-block-heading__text\"><span dir=\"auto\">Garantia l\u00edder do setor de at\u00e9 5 anos<\/span>\r\n\r\n\r\n\r\n\r\n<span dir=\"auto\">Na caixa: tenda, cobertura de tenda, escada com capa, colch\u00e3o com capa, luz port\u00e1til, kit de grampos (6 unidades), manual do produto e informa\u00e7\u00f5es de garantia.<\/span><\/pre>\n<\/div>\n<\/div>\n<\/div>\n<\/div>\n<\/div>\n<\/div>\n<\/div>\n<\/div>\n<p>&nbsp;<\/p>\n<p>&nbsp;<\/p>\n","protected":false},"excerpt":{"rendered":"<p>Com amplo espa\u00e7o para at\u00e9 quatro pessoas, o Evasion \u00e9 ideal para fam\u00edlias que desejam desfrutar da natureza ou para casais em busca de novas experi\u00eancias.<\/p>\n<p>Oferece seguran\u00e7a durante todo o ano e prote\u00e7\u00e3o em todas as esta\u00e7\u00f5es, com sua confiabilidade comprovada e constru\u00e7\u00e3o robusta \u00e0 prova de intemp\u00e9ries, para aventuras de camping sem preocupa\u00e7\u00f5es.<\/p>\n<p>&nbsp;<\/p>\n<p>&nbsp;<\/p>\n","protected":false},"featured_media":11016,"comment_status":"closed","ping_status":"closed","template":"","meta":{"_seopress_robots_primary_cat":"none","_seopress_titles_title":"","_seopress_titles_desc":"","_seopress_robots_index":"","site-sidebar-layout":"default","site-content-layout":"","ast-site-content-layout":"default","site-content-style":"default","site-sidebar-style":"default","ast-global-header-display":"","ast-banner-title-visibility":"","ast-main-header-display":"","ast-hfb-above-header-display":"","ast-hfb-below-header-display":"","ast-hfb-mobile-header-display":"","site-post-title":"","ast-breadcrumbs-content":"","ast-featured-img":"","footer-sml-layout":"","ast-disable-related-posts":"","theme-transparent-header-meta":"default","adv-header-id-meta":"","stick-header-meta":"default","header-above-stick-meta":"","header-main-stick-meta":"","header-below-stick-meta":"","astra-migrate-meta-layouts":"set","ast-page-background-enabled":"default","ast-page-background-meta":{"desktop":{"background-color":"var(--ast-global-color-4)","background-image":"","background-repeat":"repeat","background-position":"center center","background-size":"auto","background-attachment":"scroll","background-type":"","background-media":"","overlay-type":"","overlay-color":"","overlay-opacity":"","overlay-gradient":""},"tablet":{"background-color":"","background-image":"","background-repeat":"repeat","background-position":"center center","background-size":"auto","background-attachment":"scroll","background-type":"","background-media":"","overlay-type":"","overlay-color":"","overlay-opacity":"","overlay-gradient":""},"mobile":{"background-color":"","background-image":"","background-repeat":"repeat","background-position":"center center","background-size":"auto","background-attachment":"scroll","background-type":"","background-media":"","overlay-type":"","overlay-color":"","overlay-opacity":"","overlay-gradient":""}},"ast-content-background-meta":{"desktop":{"background-color":"var(--ast-global-color-5)","background-image":"","background-repeat":"repeat","background-position":"center center","background-size":"auto","background-attachment":"scroll","background-type":"","background-media":"","overlay-type":"","overlay-color":"","overlay-opacity":"","overlay-gradient":""},"tablet":{"background-color":"var(--ast-global-color-5)","background-image":"","background-repeat":"repeat","background-position":"center center","background-size":"auto","background-attachment":"scroll","background-type":"","background-media":"","overlay-type":"","overlay-color":"","overlay-opacity":"","overlay-gradient":""},"mobile":{"background-color":"var(--ast-global-color-5)","background-image":"","background-repeat":"repeat","background-position":"center center","background-size":"auto","background-attachment":"scroll","background-type":"","background-media":"","overlay-type":"","overlay-color":"","overlay-opacity":"","overlay-gradient":""}}},"product_brand":[],"product_cat":[19,17,224,291,29],"product_tag":[],"class_list":{"0":"post-11008","1":"product","2":"type-product","3":"status-publish","4":"has-post-thumbnail","6":"product_cat-tendas-tejadilho-james-baroud","7":"product_cat-sem-categoria","8":"product_cat-tendas","9":"product_cat-tendas-james-boroud","10":"product_cat-tendas-rigidas","11":"desktop-align-left","12":"tablet-align-left","13":"mobile-align-left","14":"ast-product-gallery-layout-horizontal-slider","15":"ast-product-single-variable","16":"ast-product-tabs-layout-horizontal","18":"first","19":"instock","20":"taxable","21":"shipping-taxable","22":"purchasable","23":"product-type-variable"},"_links":{"self":[{"href":"https:\/\/monstter.pt\/en\/wp-json\/wp\/v2\/product\/11008","targetHints":{"allow":["GET"]}}],"collection":[{"href":"https:\/\/monstter.pt\/en\/wp-json\/wp\/v2\/product"}],"about":[{"href":"https:\/\/monstter.pt\/en\/wp-json\/wp\/v2\/types\/product"}],"replies":[{"embeddable":true,"href":"https:\/\/monstter.pt\/en\/wp-json\/wp\/v2\/comments?post=11008"}],"wp:featuredmedia":[{"embeddable":true,"href":"https:\/\/monstter.pt\/en\/wp-json\/wp\/v2\/media\/11016"}],"wp:attachment":[{"href":"https:\/\/monstter.pt\/en\/wp-json\/wp\/v2\/media?parent=11008"}],"wp:term":[{"taxonomy":"product_brand","embeddable":true,"href":"https:\/\/monstter.pt\/en\/wp-json\/wp\/v2\/product_brand?post=11008"},{"taxonomy":"product_cat","embeddable":true,"href":"https:\/\/monstter.pt\/en\/wp-json\/wp\/v2\/product_cat?post=11008"},{"taxonomy":"product_tag","embeddable":true,"href":"https:\/\/monstter.pt\/en\/wp-json\/wp\/v2\/product_tag?post=11008"}],"curies":[{"name":"wp","href":"https:\/\/api.w.org\/{rel}","templated":true}]}}