{"id":4493,"date":"2022-01-26T09:15:27","date_gmt":"2022-01-26T09:15:27","guid":{"rendered":"https:\/\/monstter.dev.loudzap.com\/?post_type=product&#038;p=4493"},"modified":"2022-01-26T12:47:04","modified_gmt":"2022-01-26T12:47:04","slug":"tb51a","status":"publish","type":"product","link":"https:\/\/monstter.pt\/en\/produto\/tb51a\/","title":{"rendered":"TB51A"},"content":{"rendered":"","protected":false},"excerpt":{"rendered":"<p><strong>Dimens\u00f5es:<\/strong> 585 \u00d7 350 \u00d7 530 mm<\/p>\n<p>O TB51A \u00e9 o novo frigor\u00edfico que apresenta o melhor da tecnologia eletr\u00f3nica. O altamente eficiente compressor BD35F Secop (outrora Danfoss), modo de poupan\u00e7a de energia (ECO), modo turbo (MAX) e um termostato eletr\u00f3nico multifuncional permitem uma f\u00e1cil e econ\u00f3mica gest\u00e3o do frigor\u00edfico, atrav\u00e9s de uma verifica\u00e7\u00e3o e uma redu\u00e7\u00e3o dos consumos. A placa eletr\u00f3nica, com conversor AC\/DC Danfoss, permite um funcionamento em DC12-24 Volt ou AC115-230 Volt. O reconhecimento entre DC e AC \u00e9 autom\u00e1tico. Tem tr\u00eas n\u00edveis de prote\u00e7\u00e3o de bateria como standard e resistente tampa moldada, injetada com um sistema de fecho integrado. As suas caracter\u00edsticas tornam o TB51A o frigor\u00edfico port\u00e1til ideal para ser usado em cami\u00f5es, carros, ve\u00edculos todo-o-terreno, autocaravanas e caravanas, barcos e iates, onde quer que a refrigera\u00e7\u00e3o m\u00f3vel seja necess\u00e1ria.<\/p>\n<h6>Extras<\/h6>\n<p>KIT deslizante: 245 \u20ac<br \/>\nKIT fixa\u00e7\u00e3o: 71 \u20ac<\/p>\n","protected":false},"featured_media":4494,"comment_status":"closed","ping_status":"closed","template":"","meta":{"_seopress_robots_primary_cat":"","_seopress_titles_title":"","_seopress_titles_desc":"","_seopress_robots_index":"","site-sidebar-layout":"default","site-content-layout":"default","ast-site-content-layout":"default","site-content-style":"default","site-sidebar-style":"default","ast-global-header-display":"","ast-banner-title-visibility":"","ast-main-header-display":"","ast-hfb-above-header-display":"","ast-hfb-below-header-display":"","ast-hfb-mobile-header-display":"","site-post-title":"","ast-breadcrumbs-content":"","ast-featured-img":"","footer-sml-layout":"","ast-disable-related-posts":"","theme-transparent-header-meta":"","adv-header-id-meta":"","stick-header-meta":"","header-above-stick-meta":"","header-main-stick-meta":"","header-below-stick-meta":"","astra-migrate-meta-layouts":"default","ast-page-background-enabled":"default","ast-page-background-meta":{"desktop":{"background-color":"var(--ast-global-color-4)","background-image":"","background-repeat":"repeat","background-position":"center center","background-size":"auto","background-attachment":"scroll","background-type":"","background-media":"","overlay-type":"","overlay-color":"","overlay-opacity":"","overlay-gradient":""},"tablet":{"background-color":"","background-image":"","background-repeat":"repeat","background-position":"center center","background-size":"auto","background-attachment":"scroll","background-type":"","background-media":"","overlay-type":"","overlay-color":"","overlay-opacity":"","overlay-gradient":""},"mobile":{"background-color":"","background-image":"","background-repeat":"repeat","background-position":"center center","background-size":"auto","background-attachment":"scroll","background-type":"","background-media":"","overlay-type":"","overlay-color":"","overlay-opacity":"","overlay-gradient":""}},"ast-content-background-meta":{"desktop":{"background-color":"var(--ast-global-color-5)","background-image":"","background-repeat":"repeat","background-position":"center center","background-size":"auto","background-attachment":"scroll","background-type":"","background-media":"","overlay-type":"","overlay-color":"","overlay-opacity":"","overlay-gradient":""},"tablet":{"background-color":"var(--ast-global-color-5)","background-image":"","background-repeat":"repeat","background-position":"center center","background-size":"auto","background-attachment":"scroll","background-type":"","background-media":"","overlay-type":"","overlay-color":"","overlay-opacity":"","overlay-gradient":""},"mobile":{"background-color":"var(--ast-global-color-5)","background-image":"","background-repeat":"repeat","background-position":"center center","background-size":"auto","background-attachment":"scroll","background-type":"","background-media":"","overlay-type":"","overlay-color":"","overlay-opacity":"","overlay-gradient":""}}},"product_brand":[],"product_cat":[20,32],"product_tag":[],"class_list":{"0":"post-4493","1":"product","2":"type-product","3":"status-publish","4":"has-post-thumbnail","6":"product_cat-arcas-frigorificas","7":"product_cat-indel-b","8":"desktop-align-left","9":"tablet-align-left","10":"mobile-align-left","11":"ast-product-gallery-layout-horizontal-slider","12":"ast-product-single-variable","13":"ast-product-tabs-layout-horizontal","15":"first","16":"instock","17":"taxable","18":"shipping-taxable","19":"purchasable","20":"product-type-variable"},"_links":{"self":[{"href":"https:\/\/monstter.pt\/en\/wp-json\/wp\/v2\/product\/4493","targetHints":{"allow":["GET"]}}],"collection":[{"href":"https:\/\/monstter.pt\/en\/wp-json\/wp\/v2\/product"}],"about":[{"href":"https:\/\/monstter.pt\/en\/wp-json\/wp\/v2\/types\/product"}],"replies":[{"embeddable":true,"href":"https:\/\/monstter.pt\/en\/wp-json\/wp\/v2\/comments?post=4493"}],"wp:featuredmedia":[{"embeddable":true,"href":"https:\/\/monstter.pt\/en\/wp-json\/wp\/v2\/media\/4494"}],"wp:attachment":[{"href":"https:\/\/monstter.pt\/en\/wp-json\/wp\/v2\/media?parent=4493"}],"wp:term":[{"taxonomy":"product_brand","embeddable":true,"href":"https:\/\/monstter.pt\/en\/wp-json\/wp\/v2\/product_brand?post=4493"},{"taxonomy":"product_cat","embeddable":true,"href":"https:\/\/monstter.pt\/en\/wp-json\/wp\/v2\/product_cat?post=4493"},{"taxonomy":"product_tag","embeddable":true,"href":"https:\/\/monstter.pt\/en\/wp-json\/wp\/v2\/product_tag?post=4493"}],"curies":[{"name":"wp","href":"https:\/\/api.w.org\/{rel}","templated":true}]}}