{"id":4577,"date":"2022-01-28T10:22:51","date_gmt":"2022-01-28T10:22:51","guid":{"rendered":"https:\/\/monstter.dev.loudzap.com\/?post_type=product&#038;p=4577"},"modified":"2023-11-16T12:41:21","modified_gmt":"2023-11-16T12:41:21","slug":"micro-luz-recarregavel-ct6525","status":"publish","type":"product","link":"https:\/\/monstter.pt\/en\/produto\/micro-luz-recarregavel-ct6525\/","title":{"rendered":"Micro Luz Recarreg\u00e1vel CT6525 by CAT"},"content":{"rendered":"<ul>\n<li>Base magn\u00e9tica<\/li>\n<li>Porta de carregamento USB protegida<\/li>\n<li>Cabo USB inclu\u00eddo<\/li>\n<li>Ganchos em recesso<\/li>\n<li>Interruptor de posi\u00e7\u00e3o de 3<\/li>\n<li>Indicador de n\u00edvel de bateria<\/li>\n<\/ul>\n","protected":false},"excerpt":{"rendered":"<p>Luz, onde voc\u00ea precisa, quando voc\u00ea precisa.<\/p>\n<p>O CT6525 Rechargeable Micro Utility Light \u00e9 embalado com recursos \u00fateis. Ostentando 200 l\u00famens no alto, e 100 l\u00famens em baixo, esta luz ofusca seu tamanho compacto.<\/p>\n<p>Uma base magn\u00e9tica robusta e ganchos dobr\u00e1veis em recesso fornecem versatilidade ilimitada de m\u00e3os livres.<\/p>\n<p>Com uma bateria de pol\u00edmero de \u00edons de l\u00edtio recarreg\u00e1vel e um cabo de carga USB incorporado numa ranhura embutida, a Micro Utility Light fornecer\u00e1 aproximadamente 6 horas de tempo de execu\u00e7\u00e3o em alta e at\u00e9 14 horas em baixa.<\/p>\n<p>Tem indicador de n\u00edvel de bateria LED e uma porta de carregamento USB protegida.<\/p>\n<p>Com o Micro Recarreg\u00e1vel CT6525 voc\u00ea tem uma pot\u00eancia na palma da m\u00e3o.<\/p>\n","protected":false},"featured_media":4578,"comment_status":"closed","ping_status":"closed","template":"","meta":{"_seopress_robots_primary_cat":"none","_seopress_titles_title":"","_seopress_titles_desc":"","_seopress_robots_index":"","site-sidebar-layout":"default","site-content-layout":"default","ast-site-content-layout":"default","site-content-style":"default","site-sidebar-style":"default","ast-global-header-display":"","ast-banner-title-visibility":"","ast-main-header-display":"","ast-hfb-above-header-display":"","ast-hfb-below-header-display":"","ast-hfb-mobile-header-display":"","site-post-title":"","ast-breadcrumbs-content":"","ast-featured-img":"","footer-sml-layout":"","ast-disable-related-posts":"","theme-transparent-header-meta":"default","adv-header-id-meta":"","stick-header-meta":"","header-above-stick-meta":"","header-main-stick-meta":"","header-below-stick-meta":"","astra-migrate-meta-layouts":"set","ast-page-background-enabled":"default","ast-page-background-meta":{"desktop":{"background-color":"var(--ast-global-color-4)","background-image":"","background-repeat":"repeat","background-position":"center center","background-size":"auto","background-attachment":"scroll","background-type":"","background-media":"","overlay-type":"","overlay-color":"","overlay-opacity":"","overlay-gradient":""},"tablet":{"background-color":"","background-image":"","background-repeat":"repeat","background-position":"center center","background-size":"auto","background-attachment":"scroll","background-type":"","background-media":"","overlay-type":"","overlay-color":"","overlay-opacity":"","overlay-gradient":""},"mobile":{"background-color":"","background-image":"","background-repeat":"repeat","background-position":"center center","background-size":"auto","background-attachment":"scroll","background-type":"","background-media":"","overlay-type":"","overlay-color":"","overlay-opacity":"","overlay-gradient":""}},"ast-content-background-meta":{"desktop":{"background-color":"var(--ast-global-color-5)","background-image":"","background-repeat":"repeat","background-position":"center center","background-size":"auto","background-attachment":"scroll","background-type":"","background-media":"","overlay-type":"","overlay-color":"","overlay-opacity":"","overlay-gradient":""},"tablet":{"background-color":"var(--ast-global-color-5)","background-image":"","background-repeat":"repeat","background-position":"center center","background-size":"auto","background-attachment":"scroll","background-type":"","background-media":"","overlay-type":"","overlay-color":"","overlay-opacity":"","overlay-gradient":""},"mobile":{"background-color":"var(--ast-global-color-5)","background-image":"","background-repeat":"repeat","background-position":"center center","background-size":"auto","background-attachment":"scroll","background-type":"","background-media":"","overlay-type":"","overlay-color":"","overlay-opacity":"","overlay-gradient":""}}},"product_brand":[],"product_cat":[34,21],"product_tag":[223],"class_list":{"0":"post-4577","1":"product","2":"type-product","3":"status-publish","4":"has-post-thumbnail","6":"product_cat-cat","7":"product_cat-luzes","8":"product_tag-black-week","9":"desktop-align-left","10":"tablet-align-left","11":"mobile-align-left","12":"ast-product-gallery-layout-horizontal-slider","13":"ast-product-tabs-layout-horizontal","15":"first","16":"instock","17":"taxable","18":"shipping-taxable","19":"purchasable","20":"product-type-simple"},"_links":{"self":[{"href":"https:\/\/monstter.pt\/en\/wp-json\/wp\/v2\/product\/4577","targetHints":{"allow":["GET"]}}],"collection":[{"href":"https:\/\/monstter.pt\/en\/wp-json\/wp\/v2\/product"}],"about":[{"href":"https:\/\/monstter.pt\/en\/wp-json\/wp\/v2\/types\/product"}],"replies":[{"embeddable":true,"href":"https:\/\/monstter.pt\/en\/wp-json\/wp\/v2\/comments?post=4577"}],"wp:featuredmedia":[{"embeddable":true,"href":"https:\/\/monstter.pt\/en\/wp-json\/wp\/v2\/media\/4578"}],"wp:attachment":[{"href":"https:\/\/monstter.pt\/en\/wp-json\/wp\/v2\/media?parent=4577"}],"wp:term":[{"taxonomy":"product_brand","embeddable":true,"href":"https:\/\/monstter.pt\/en\/wp-json\/wp\/v2\/product_brand?post=4577"},{"taxonomy":"product_cat","embeddable":true,"href":"https:\/\/monstter.pt\/en\/wp-json\/wp\/v2\/product_cat?post=4577"},{"taxonomy":"product_tag","embeddable":true,"href":"https:\/\/monstter.pt\/en\/wp-json\/wp\/v2\/product_tag?post=4577"}],"curies":[{"name":"wp","href":"https:\/\/api.w.org\/{rel}","templated":true}]}}