{"id":4587,"date":"2022-01-28T10:57:40","date_gmt":"2022-01-28T10:57:40","guid":{"rendered":"https:\/\/monstter.dev.loudzap.com\/?post_type=product&#038;p=4587"},"modified":"2022-01-28T10:57:40","modified_gmt":"2022-01-28T10:57:40","slug":"luz-recarregavel-cat","status":"publish","type":"product","link":"https:\/\/monstter.pt\/en\/produto\/luz-recarregavel-cat\/","title":{"rendered":"Luz Recarreg\u00e1vel CT6515 By CAT"},"content":{"rendered":"<ul>\n<li>Lanterna de 225 l\u00famen<\/li>\n<li>115 l\u00famen\u00a0top light<\/li>\n<li>At\u00e9 12 horas de tempo de execu\u00e7\u00e3o<\/li>\n<li>Resistente \u00e0 \u00e1gua e ao impacto<\/li>\n<li>4,5\u2033 H x 2,25\u2033 W x 2,25\u2033 D<\/li>\n<li>0,7 lb<\/li>\n<li>Garantia limitada de 1 ano<\/li>\n<\/ul>\n","protected":false},"excerpt":{"rendered":"<p>Leve, compacto e carregado com recursos legais, o CT6515 Rechargeable Utility Light \u00e9 um \u00f3timo para quem est\u00e1 em movimento. Possui uma luz m\u00e1xima de 115 l\u00famen. O corpo desta luz estende-se, e transforma-se numa lanterna de 225 l\u00famen, proporcionando ilumina\u00e7\u00e3o brilhante para o trabalho ou o tempo livre. A poderosa bateria recarreg\u00e1vel de \u00edons de l\u00edtio pode fornecer at\u00e9 12 horas de tempo de utiliza\u00e7\u00e3o!<\/p>\n<p>A base da Luz El\u00e9trica \u00e9 magn\u00e9tica, e tem ganchos embutidas, tornando o uso livre de m\u00e3o f\u00e1cil e vers\u00e1til.<\/p>\n<p>O CT6515 tamb\u00e9m inclui um indicador de n\u00edvel de bateria e um cabo de carregamento USB incorporado para usar quando necess\u00e1rio carregar.<\/p>\n<p>Por \u00faltimo, mas n\u00e3o menos importante, este pequeno d\u00ednamo oferece uma porta de carga USB de sa\u00edda para manter seus dispositivos eletr\u00f3nicos compat\u00edveis carregados e prontos quando voc\u00ea estiver longe de casa ou em movimento.<\/p>\n","protected":false},"featured_media":4588,"comment_status":"closed","ping_status":"closed","template":"","meta":{"_seopress_robots_primary_cat":"","_seopress_titles_title":"","_seopress_titles_desc":"","_seopress_robots_index":"","site-sidebar-layout":"default","site-content-layout":"default","ast-site-content-layout":"default","site-content-style":"default","site-sidebar-style":"default","ast-global-header-display":"","ast-banner-title-visibility":"","ast-main-header-display":"","ast-hfb-above-header-display":"","ast-hfb-below-header-display":"","ast-hfb-mobile-header-display":"","site-post-title":"","ast-breadcrumbs-content":"","ast-featured-img":"","footer-sml-layout":"","ast-disable-related-posts":"","theme-transparent-header-meta":"","adv-header-id-meta":"","stick-header-meta":"","header-above-stick-meta":"","header-main-stick-meta":"","header-below-stick-meta":"","astra-migrate-meta-layouts":"default","ast-page-background-enabled":"default","ast-page-background-meta":{"desktop":{"background-color":"var(--ast-global-color-4)","background-image":"","background-repeat":"repeat","background-position":"center center","background-size":"auto","background-attachment":"scroll","background-type":"","background-media":"","overlay-type":"","overlay-color":"","overlay-opacity":"","overlay-gradient":""},"tablet":{"background-color":"","background-image":"","background-repeat":"repeat","background-position":"center center","background-size":"auto","background-attachment":"scroll","background-type":"","background-media":"","overlay-type":"","overlay-color":"","overlay-opacity":"","overlay-gradient":""},"mobile":{"background-color":"","background-image":"","background-repeat":"repeat","background-position":"center center","background-size":"auto","background-attachment":"scroll","background-type":"","background-media":"","overlay-type":"","overlay-color":"","overlay-opacity":"","overlay-gradient":""}},"ast-content-background-meta":{"desktop":{"background-color":"var(--ast-global-color-5)","background-image":"","background-repeat":"repeat","background-position":"center center","background-size":"auto","background-attachment":"scroll","background-type":"","background-media":"","overlay-type":"","overlay-color":"","overlay-opacity":"","overlay-gradient":""},"tablet":{"background-color":"var(--ast-global-color-5)","background-image":"","background-repeat":"repeat","background-position":"center center","background-size":"auto","background-attachment":"scroll","background-type":"","background-media":"","overlay-type":"","overlay-color":"","overlay-opacity":"","overlay-gradient":""},"mobile":{"background-color":"var(--ast-global-color-5)","background-image":"","background-repeat":"repeat","background-position":"center center","background-size":"auto","background-attachment":"scroll","background-type":"","background-media":"","overlay-type":"","overlay-color":"","overlay-opacity":"","overlay-gradient":""}}},"product_brand":[],"product_cat":[34,21],"product_tag":[],"class_list":{"0":"post-4587","1":"product","2":"type-product","3":"status-publish","4":"has-post-thumbnail","6":"product_cat-cat","7":"product_cat-luzes","8":"desktop-align-left","9":"tablet-align-left","10":"mobile-align-left","11":"ast-product-gallery-layout-horizontal-slider","12":"ast-product-tabs-layout-horizontal","14":"first","15":"instock","16":"taxable","17":"shipping-taxable","18":"purchasable","19":"product-type-simple"},"_links":{"self":[{"href":"https:\/\/monstter.pt\/en\/wp-json\/wp\/v2\/product\/4587","targetHints":{"allow":["GET"]}}],"collection":[{"href":"https:\/\/monstter.pt\/en\/wp-json\/wp\/v2\/product"}],"about":[{"href":"https:\/\/monstter.pt\/en\/wp-json\/wp\/v2\/types\/product"}],"replies":[{"embeddable":true,"href":"https:\/\/monstter.pt\/en\/wp-json\/wp\/v2\/comments?post=4587"}],"wp:featuredmedia":[{"embeddable":true,"href":"https:\/\/monstter.pt\/en\/wp-json\/wp\/v2\/media\/4588"}],"wp:attachment":[{"href":"https:\/\/monstter.pt\/en\/wp-json\/wp\/v2\/media?parent=4587"}],"wp:term":[{"taxonomy":"product_brand","embeddable":true,"href":"https:\/\/monstter.pt\/en\/wp-json\/wp\/v2\/product_brand?post=4587"},{"taxonomy":"product_cat","embeddable":true,"href":"https:\/\/monstter.pt\/en\/wp-json\/wp\/v2\/product_cat?post=4587"},{"taxonomy":"product_tag","embeddable":true,"href":"https:\/\/monstter.pt\/en\/wp-json\/wp\/v2\/product_tag?post=4587"}],"curies":[{"name":"wp","href":"https:\/\/api.w.org\/{rel}","templated":true}]}}