{"id":4623,"date":"2022-01-28T11:41:06","date_gmt":"2022-01-28T11:41:06","guid":{"rendered":"https:\/\/monstter.dev.loudzap.com\/?post_type=product&#038;p=4623"},"modified":"2022-06-06T17:22:50","modified_gmt":"2022-06-06T16:22:50","slug":"fita-led-flexivel-por-lightforce","status":"publish","type":"product","link":"https:\/\/monstter.pt\/en\/produto\/fita-led-flexivel-por-lightforce\/","title":{"rendered":"FITA LED FLEX\u00cdVEL \u2013 POR LIGHTFORCE"},"content":{"rendered":"<p><strong>Consiste em:<\/strong><br \/>\n1 x tira de luz LED<br \/>\n1 plugue de 12v<br \/>\n1 x adaptador para clipes jacar\u00e9 com soquete de utilidade<\/p>\n<p><strong>Materiais usados:<\/strong><br \/>\nLEDs SMD5730 Bolsa de<br \/>\nnylon \/ PVC<\/p>\n<p><strong>Dimens\u00f5es do produto:<\/strong><br \/>\ntira de LED: tira de LED: 1200mm (47,2 \u201c)<br \/>\ncabo\u00a0L\u00a0: 5,5m (18 \u2018) L<\/p>\n<p><strong>Peso:<\/strong><br \/>\n400g (14,1 oz)<\/p>\n<p><strong>Notas especiais:<\/strong><br \/>\nTens\u00e3o de entrada: 12v DC<br \/>\nPot\u00eancia: 15w<br \/>\nL\u00famens: 1600Lm<br \/>\nCorrente: 0,7 amperes @ 12v<\/p>\n","protected":false},"excerpt":{"rendered":"<p>Ilumine a sua pr\u00f3xima aventura com esta tira de luz LED ultra flex\u00edvel e vers\u00e1til que fornece uma abund\u00e2ncia de luz branca natural.<\/p>\n<ul>\n<li>Os 72 LEDs SMD5730 de alta intensidade oferecem 4000k de luz branca natural para m\u00e1xima clareza.<\/li>\n<li>Fornece 1600 l\u00famens de luz e consome 15 Watts de energia.<\/li>\n<li>Guias de montagem de gancho e la\u00e7o totalmente ajust\u00e1veis \u200b\u200bem cada extremidade da faixa tornam essa faixa de luz ideal para qualquer aplica\u00e7\u00e3o.<\/li>\n<li>A intensidade da luz ajust\u00e1vel garante a quantidade desejada de luz.<\/li>\n<li>O controlador sens\u00edvel ao toque e a faixa de LED dur\u00e1vel t\u00eam uma classifica\u00e7\u00e3o \u00e0 prova d\u2019\u00e1gua IP65.<\/li>\n<li>Alojado em uma caixa de PVC transparente resistente a UV e riscos.<\/li>\n<li>Inclui clipes de jacar\u00e9 com soquete para uma conex\u00e3o direta da bateria.<\/li>\n<li>Guarde a sua faixa de luz LED e acess\u00f3rios na bolsa de transporte fornecida<\/li>\n<\/ul>\n","protected":false},"featured_media":4624,"comment_status":"closed","ping_status":"closed","template":"","meta":{"_seopress_robots_primary_cat":"","_seopress_titles_title":"","_seopress_titles_desc":"","_seopress_robots_index":"","site-sidebar-layout":"default","site-content-layout":"default","ast-site-content-layout":"default","site-content-style":"default","site-sidebar-style":"default","ast-global-header-display":"","ast-banner-title-visibility":"","ast-main-header-display":"","ast-hfb-above-header-display":"","ast-hfb-below-header-display":"","ast-hfb-mobile-header-display":"","site-post-title":"","ast-breadcrumbs-content":"","ast-featured-img":"","footer-sml-layout":"","ast-disable-related-posts":"","theme-transparent-header-meta":"default","adv-header-id-meta":"","stick-header-meta":"","header-above-stick-meta":"","header-main-stick-meta":"","header-below-stick-meta":"","astra-migrate-meta-layouts":"default","ast-page-background-enabled":"default","ast-page-background-meta":{"desktop":{"background-color":"var(--ast-global-color-4)","background-image":"","background-repeat":"repeat","background-position":"center center","background-size":"auto","background-attachment":"scroll","background-type":"","background-media":"","overlay-type":"","overlay-color":"","overlay-opacity":"","overlay-gradient":""},"tablet":{"background-color":"","background-image":"","background-repeat":"repeat","background-position":"center center","background-size":"auto","background-attachment":"scroll","background-type":"","background-media":"","overlay-type":"","overlay-color":"","overlay-opacity":"","overlay-gradient":""},"mobile":{"background-color":"","background-image":"","background-repeat":"repeat","background-position":"center center","background-size":"auto","background-attachment":"scroll","background-type":"","background-media":"","overlay-type":"","overlay-color":"","overlay-opacity":"","overlay-gradient":""}},"ast-content-background-meta":{"desktop":{"background-color":"var(--ast-global-color-5)","background-image":"","background-repeat":"repeat","background-position":"center center","background-size":"auto","background-attachment":"scroll","background-type":"","background-media":"","overlay-type":"","overlay-color":"","overlay-opacity":"","overlay-gradient":""},"tablet":{"background-color":"var(--ast-global-color-5)","background-image":"","background-repeat":"repeat","background-position":"center center","background-size":"auto","background-attachment":"scroll","background-type":"","background-media":"","overlay-type":"","overlay-color":"","overlay-opacity":"","overlay-gradient":""},"mobile":{"background-color":"var(--ast-global-color-5)","background-image":"","background-repeat":"repeat","background-position":"center center","background-size":"auto","background-attachment":"scroll","background-type":"","background-media":"","overlay-type":"","overlay-color":"","overlay-opacity":"","overlay-gradient":""}}},"product_brand":[],"product_cat":[21,36],"product_tag":[],"class_list":{"0":"post-4623","1":"product","2":"type-product","3":"status-publish","4":"has-post-thumbnail","6":"product_cat-luzes","7":"product_cat-outras","8":"desktop-align-left","9":"tablet-align-left","10":"mobile-align-left","11":"ast-product-gallery-layout-horizontal-slider","12":"ast-product-tabs-layout-horizontal","14":"first","15":"outofstock","16":"taxable","17":"shipping-taxable","18":"purchasable","19":"product-type-simple"},"_links":{"self":[{"href":"https:\/\/monstter.pt\/en\/wp-json\/wp\/v2\/product\/4623","targetHints":{"allow":["GET"]}}],"collection":[{"href":"https:\/\/monstter.pt\/en\/wp-json\/wp\/v2\/product"}],"about":[{"href":"https:\/\/monstter.pt\/en\/wp-json\/wp\/v2\/types\/product"}],"replies":[{"embeddable":true,"href":"https:\/\/monstter.pt\/en\/wp-json\/wp\/v2\/comments?post=4623"}],"wp:featuredmedia":[{"embeddable":true,"href":"https:\/\/monstter.pt\/en\/wp-json\/wp\/v2\/media\/4624"}],"wp:attachment":[{"href":"https:\/\/monstter.pt\/en\/wp-json\/wp\/v2\/media?parent=4623"}],"wp:term":[{"taxonomy":"product_brand","embeddable":true,"href":"https:\/\/monstter.pt\/en\/wp-json\/wp\/v2\/product_brand?post=4623"},{"taxonomy":"product_cat","embeddable":true,"href":"https:\/\/monstter.pt\/en\/wp-json\/wp\/v2\/product_cat?post=4623"},{"taxonomy":"product_tag","embeddable":true,"href":"https:\/\/monstter.pt\/en\/wp-json\/wp\/v2\/product_tag?post=4623"}],"curies":[{"name":"wp","href":"https:\/\/api.w.org\/{rel}","templated":true}]}}