{"id":4705,"date":"2022-01-31T08:28:56","date_gmt":"2022-01-31T08:28:56","guid":{"rendered":"https:\/\/monstter.dev.loudzap.com\/?post_type=product&#038;p=4705"},"modified":"2023-11-16T12:52:54","modified_gmt":"2023-11-16T12:52:54","slug":"duralux-6-led-work-light-30w","status":"publish","type":"product","link":"https:\/\/monstter.pt\/en\/produto\/duralux-6-led-work-light-30w\/","title":{"rendered":"Duralux 6 LED Work Light 30W"},"content":{"rendered":"","protected":false},"excerpt":{"rendered":"<p><strong>Feixe:<\/strong> 60\u00b0<br \/>\n<strong>L\u00famens brutos:<\/strong> 3168lm<br \/>\n<strong>L\u00famens efetivos:<\/strong> 2218lm<br \/>\n<strong>Pot\u00eancia:<\/strong> 30W<br \/>\n<strong>Peso:<\/strong> 0,95kg<br \/>\n<strong>Dimens\u00f5es:<\/strong> 136 x 69 x 106,5mm<\/p>\n<p><strong>Luz de trabalho LED de alto desempenho<\/strong><\/p>\n<p>A s\u00e9rie Duralux combina durabilidade e acessibilidade \u00e0s luzes de trabalho<\/p>\n<p>A s\u00e9rie DURA fornece uma luz LED econ\u00f4mica para substitui\u00e7\u00e3o de halog\u00eanio de 100 watts.\u00a0Com um consumo de amplificador super baixo, LED de 5 watts com efici\u00eancia de 90% e aprova\u00e7\u00e3o de E-Mark em alguns modelos, a s\u00e9rie DURA \u00e9 a luz comercial de alta produ\u00e7\u00e3o e perfeita.<\/p>\n","protected":false},"featured_media":4706,"comment_status":"closed","ping_status":"closed","template":"","meta":{"_seopress_robots_primary_cat":"none","_seopress_titles_title":"","_seopress_titles_desc":"","_seopress_robots_index":"","site-sidebar-layout":"default","site-content-layout":"default","ast-site-content-layout":"default","site-content-style":"default","site-sidebar-style":"default","ast-global-header-display":"","ast-banner-title-visibility":"","ast-main-header-display":"","ast-hfb-above-header-display":"","ast-hfb-below-header-display":"","ast-hfb-mobile-header-display":"","site-post-title":"","ast-breadcrumbs-content":"","ast-featured-img":"","footer-sml-layout":"","ast-disable-related-posts":"","theme-transparent-header-meta":"default","adv-header-id-meta":"","stick-header-meta":"","header-above-stick-meta":"","header-main-stick-meta":"","header-below-stick-meta":"","astra-migrate-meta-layouts":"set","ast-page-background-enabled":"default","ast-page-background-meta":{"desktop":{"background-color":"var(--ast-global-color-4)","background-image":"","background-repeat":"repeat","background-position":"center center","background-size":"auto","background-attachment":"scroll","background-type":"","background-media":"","overlay-type":"","overlay-color":"","overlay-opacity":"","overlay-gradient":""},"tablet":{"background-color":"","background-image":"","background-repeat":"repeat","background-position":"center center","background-size":"auto","background-attachment":"scroll","background-type":"","background-media":"","overlay-type":"","overlay-color":"","overlay-opacity":"","overlay-gradient":""},"mobile":{"background-color":"","background-image":"","background-repeat":"repeat","background-position":"center center","background-size":"auto","background-attachment":"scroll","background-type":"","background-media":"","overlay-type":"","overlay-color":"","overlay-opacity":"","overlay-gradient":""}},"ast-content-background-meta":{"desktop":{"background-color":"var(--ast-global-color-5)","background-image":"","background-repeat":"repeat","background-position":"center center","background-size":"auto","background-attachment":"scroll","background-type":"","background-media":"","overlay-type":"","overlay-color":"","overlay-opacity":"","overlay-gradient":""},"tablet":{"background-color":"var(--ast-global-color-5)","background-image":"","background-repeat":"repeat","background-position":"center center","background-size":"auto","background-attachment":"scroll","background-type":"","background-media":"","overlay-type":"","overlay-color":"","overlay-opacity":"","overlay-gradient":""},"mobile":{"background-color":"var(--ast-global-color-5)","background-image":"","background-repeat":"repeat","background-position":"center center","background-size":"auto","background-attachment":"scroll","background-type":"","background-media":"","overlay-type":"","overlay-color":"","overlay-opacity":"","overlay-gradient":""}}},"product_brand":[],"product_cat":[21,35],"product_tag":[223],"class_list":{"0":"post-4705","1":"product","2":"type-product","3":"status-publish","4":"has-post-thumbnail","6":"product_cat-luzes","7":"product_cat-vision-x","8":"product_tag-black-week","9":"desktop-align-left","10":"tablet-align-left","11":"mobile-align-left","12":"ast-product-gallery-layout-horizontal-slider","13":"ast-product-tabs-layout-horizontal","15":"first","16":"instock","17":"taxable","18":"shipping-taxable","19":"purchasable","20":"product-type-simple"},"_links":{"self":[{"href":"https:\/\/monstter.pt\/en\/wp-json\/wp\/v2\/product\/4705","targetHints":{"allow":["GET"]}}],"collection":[{"href":"https:\/\/monstter.pt\/en\/wp-json\/wp\/v2\/product"}],"about":[{"href":"https:\/\/monstter.pt\/en\/wp-json\/wp\/v2\/types\/product"}],"replies":[{"embeddable":true,"href":"https:\/\/monstter.pt\/en\/wp-json\/wp\/v2\/comments?post=4705"}],"wp:featuredmedia":[{"embeddable":true,"href":"https:\/\/monstter.pt\/en\/wp-json\/wp\/v2\/media\/4706"}],"wp:attachment":[{"href":"https:\/\/monstter.pt\/en\/wp-json\/wp\/v2\/media?parent=4705"}],"wp:term":[{"taxonomy":"product_brand","embeddable":true,"href":"https:\/\/monstter.pt\/en\/wp-json\/wp\/v2\/product_brand?post=4705"},{"taxonomy":"product_cat","embeddable":true,"href":"https:\/\/monstter.pt\/en\/wp-json\/wp\/v2\/product_cat?post=4705"},{"taxonomy":"product_tag","embeddable":true,"href":"https:\/\/monstter.pt\/en\/wp-json\/wp\/v2\/product_tag?post=4705"}],"curies":[{"name":"wp","href":"https:\/\/api.w.org\/{rel}","templated":true}]}}