{"id":4807,"date":"2022-01-31T09:34:39","date_gmt":"2022-01-31T09:34:39","guid":{"rendered":"https:\/\/monstter.dev.loudzap.com\/?post_type=product&#038;p=4807"},"modified":"2026-03-09T10:09:56","modified_gmt":"2026-03-09T10:09:56","slug":"60%e2%80%b3-hi-lift-red","status":"publish","type":"product","link":"https:\/\/monstter.pt\/en\/produto\/60%e2%80%b3-hi-lift-red\/","title":{"rendered":"60\u2033 Hi-Lift Red"},"content":{"rendered":"","protected":false},"excerpt":{"rendered":"<div class=\"et_pb_module et_pb_text et_pb_text_1 et_pb_bg_layout_light  et_pb_text_align_left\">\n<div class=\"et_pb_text_inner\">\n<p>A Hi-Lift Jack Company oferece o \u00fanico macaco totalmente fabricado manualmente no mundo atualmente.\u00a0\u00c9 fabricado com pe\u00e7as de ferro de alto rendimento e resist\u00eancia \u00e0 tra\u00e7\u00e3o, o mesmo metal dur\u00e1vel que usam h\u00e1 mais de 100 anos.<\/p>\n<ul>\n<li>Constru\u00e7\u00e3o totalmente fundida.<\/li>\n<li>Capacidade testada de 7000 lb (3175,14 kg).<\/li>\n<li>Dispon\u00edvel em alturas de 42 \u201c, 48\u201d e 60 \u201c. (107, 122 e 152cm)<\/li>\n<li>Elevadores, guinchos, bra\u00e7adeiras e muito mais.<\/li>\n<li>Design mais dur\u00e1vel.<\/li>\n<\/ul>\n<\/div>\n<\/div>\n","protected":false},"featured_media":4808,"comment_status":"closed","ping_status":"closed","template":"","meta":{"_seopress_robots_primary_cat":"","_seopress_titles_title":"","_seopress_titles_desc":"","_seopress_robots_index":"","site-sidebar-layout":"default","site-content-layout":"default","ast-site-content-layout":"default","site-content-style":"default","site-sidebar-style":"default","ast-global-header-display":"","ast-banner-title-visibility":"","ast-main-header-display":"","ast-hfb-above-header-display":"","ast-hfb-below-header-display":"","ast-hfb-mobile-header-display":"","site-post-title":"","ast-breadcrumbs-content":"","ast-featured-img":"","footer-sml-layout":"","ast-disable-related-posts":"","theme-transparent-header-meta":"default","adv-header-id-meta":"","stick-header-meta":"","header-above-stick-meta":"","header-main-stick-meta":"","header-below-stick-meta":"","astra-migrate-meta-layouts":"default","ast-page-background-enabled":"default","ast-page-background-meta":{"desktop":{"background-color":"var(--ast-global-color-4)","background-image":"","background-repeat":"repeat","background-position":"center center","background-size":"auto","background-attachment":"scroll","background-type":"","background-media":"","overlay-type":"","overlay-color":"","overlay-opacity":"","overlay-gradient":""},"tablet":{"background-color":"","background-image":"","background-repeat":"repeat","background-position":"center center","background-size":"auto","background-attachment":"scroll","background-type":"","background-media":"","overlay-type":"","overlay-color":"","overlay-opacity":"","overlay-gradient":""},"mobile":{"background-color":"","background-image":"","background-repeat":"repeat","background-position":"center center","background-size":"auto","background-attachment":"scroll","background-type":"","background-media":"","overlay-type":"","overlay-color":"","overlay-opacity":"","overlay-gradient":""}},"ast-content-background-meta":{"desktop":{"background-color":"var(--ast-global-color-5)","background-image":"","background-repeat":"repeat","background-position":"center center","background-size":"auto","background-attachment":"scroll","background-type":"","background-media":"","overlay-type":"","overlay-color":"","overlay-opacity":"","overlay-gradient":""},"tablet":{"background-color":"var(--ast-global-color-5)","background-image":"","background-repeat":"repeat","background-position":"center center","background-size":"auto","background-attachment":"scroll","background-type":"","background-media":"","overlay-type":"","overlay-color":"","overlay-opacity":"","overlay-gradient":""},"mobile":{"background-color":"var(--ast-global-color-5)","background-image":"","background-repeat":"repeat","background-position":"center center","background-size":"auto","background-attachment":"scroll","background-type":"","background-media":"","overlay-type":"","overlay-color":"","overlay-opacity":"","overlay-gradient":""}}},"product_brand":[],"product_cat":[38,22],"product_tag":[],"class_list":{"0":"post-4807","1":"product","2":"type-product","3":"status-publish","4":"has-post-thumbnail","6":"product_cat-hi-lift","7":"product_cat-macacos-de-grande-elevacao","8":"desktop-align-left","9":"tablet-align-left","10":"mobile-align-left","11":"ast-product-gallery-layout-horizontal-slider","12":"ast-product-gallery-with-no-image","13":"ast-product-tabs-layout-horizontal","15":"first","16":"onbackorder","17":"taxable","18":"shipping-taxable","19":"purchasable","20":"product-type-simple"},"_links":{"self":[{"href":"https:\/\/monstter.pt\/en\/wp-json\/wp\/v2\/product\/4807","targetHints":{"allow":["GET"]}}],"collection":[{"href":"https:\/\/monstter.pt\/en\/wp-json\/wp\/v2\/product"}],"about":[{"href":"https:\/\/monstter.pt\/en\/wp-json\/wp\/v2\/types\/product"}],"replies":[{"embeddable":true,"href":"https:\/\/monstter.pt\/en\/wp-json\/wp\/v2\/comments?post=4807"}],"wp:featuredmedia":[{"embeddable":true,"href":"https:\/\/monstter.pt\/en\/wp-json\/wp\/v2\/media\/4808"}],"wp:attachment":[{"href":"https:\/\/monstter.pt\/en\/wp-json\/wp\/v2\/media?parent=4807"}],"wp:term":[{"taxonomy":"product_brand","embeddable":true,"href":"https:\/\/monstter.pt\/en\/wp-json\/wp\/v2\/product_brand?post=4807"},{"taxonomy":"product_cat","embeddable":true,"href":"https:\/\/monstter.pt\/en\/wp-json\/wp\/v2\/product_cat?post=4807"},{"taxonomy":"product_tag","embeddable":true,"href":"https:\/\/monstter.pt\/en\/wp-json\/wp\/v2\/product_tag?post=4807"}],"curies":[{"name":"wp","href":"https:\/\/api.w.org\/{rel}","templated":true}]}}