{"id":4850,"date":"2022-01-31T10:23:49","date_gmt":"2022-01-31T10:23:49","guid":{"rendered":"https:\/\/monstter.dev.loudzap.com\/?post_type=product&#038;p=4850"},"modified":"2022-03-29T09:51:11","modified_gmt":"2022-03-29T09:51:11","slug":"cruz-evo-rack","status":"publish","type":"product","link":"https:\/\/monstter.pt\/en\/produto\/cruz-evo-rack\/","title":{"rendered":"Cruz Evo Rack"},"content":{"rendered":"<p><strong>Suporte de Bicicletas e Bagageiras<\/strong><br \/>\nSe quiser colocar um suporte de bicicletas ou bagageira no seu carro, precisa de comprar primeiro barras tejadilho.<\/p>\n<p><strong>Ve\u00edculos comerciais, passageiros ou 4X4<\/strong><br \/>\nConsulte-nos. Temos barras de tejadilho para quase todos os modelos da marca Cruz.<\/p>\n","protected":false},"excerpt":{"rendered":"<p>As barras da marca Cruz s\u00e3o sin\u00f3nimo de inova\u00e7\u00e3o, design e qualidade.<\/p>\n<p>Existem basicamente 2 tipo de modelos de barras:<\/p>\n<ul>\n<li>O-Plus (mais aerodin\u00e2micas, excelente design e f\u00e1ceis de montar)<\/li>\n<li>Optima (precisam de mais um adptador para fixar as barras ao carro)<\/li>\n<\/ul>\n<p><strong>Pre\u00e7o sob consulta, mediante modelo da viatura.<\/strong><\/p>\n","protected":false},"featured_media":4851,"comment_status":"closed","ping_status":"closed","template":"","meta":{"_seopress_robots_primary_cat":"","_seopress_titles_title":"","_seopress_titles_desc":"","_seopress_robots_index":"","site-sidebar-layout":"default","site-content-layout":"default","ast-site-content-layout":"default","site-content-style":"default","site-sidebar-style":"default","ast-global-header-display":"","ast-banner-title-visibility":"","ast-main-header-display":"","ast-hfb-above-header-display":"","ast-hfb-below-header-display":"","ast-hfb-mobile-header-display":"","site-post-title":"","ast-breadcrumbs-content":"","ast-featured-img":"","footer-sml-layout":"","ast-disable-related-posts":"","theme-transparent-header-meta":"default","adv-header-id-meta":"","stick-header-meta":"","header-above-stick-meta":"","header-main-stick-meta":"","header-below-stick-meta":"","astra-migrate-meta-layouts":"default","ast-page-background-enabled":"default","ast-page-background-meta":{"desktop":{"background-color":"var(--ast-global-color-4)","background-image":"","background-repeat":"repeat","background-position":"center center","background-size":"auto","background-attachment":"scroll","background-type":"","background-media":"","overlay-type":"","overlay-color":"","overlay-opacity":"","overlay-gradient":""},"tablet":{"background-color":"","background-image":"","background-repeat":"repeat","background-position":"center center","background-size":"auto","background-attachment":"scroll","background-type":"","background-media":"","overlay-type":"","overlay-color":"","overlay-opacity":"","overlay-gradient":""},"mobile":{"background-color":"","background-image":"","background-repeat":"repeat","background-position":"center center","background-size":"auto","background-attachment":"scroll","background-type":"","background-media":"","overlay-type":"","overlay-color":"","overlay-opacity":"","overlay-gradient":""}},"ast-content-background-meta":{"desktop":{"background-color":"var(--ast-global-color-5)","background-image":"","background-repeat":"repeat","background-position":"center center","background-size":"auto","background-attachment":"scroll","background-type":"","background-media":"","overlay-type":"","overlay-color":"","overlay-opacity":"","overlay-gradient":""},"tablet":{"background-color":"var(--ast-global-color-5)","background-image":"","background-repeat":"repeat","background-position":"center center","background-size":"auto","background-attachment":"scroll","background-type":"","background-media":"","overlay-type":"","overlay-color":"","overlay-opacity":"","overlay-gradient":""},"mobile":{"background-color":"var(--ast-global-color-5)","background-image":"","background-repeat":"repeat","background-position":"center center","background-size":"auto","background-attachment":"scroll","background-type":"","background-media":"","overlay-type":"","overlay-color":"","overlay-opacity":"","overlay-gradient":""}}},"product_brand":[],"product_cat":[40,23],"product_tag":[68],"class_list":{"0":"post-4850","1":"product","2":"type-product","3":"status-publish","4":"has-post-thumbnail","6":"product_cat-cruz","7":"product_cat-grades-e-barras-de-tejadilho","8":"product_tag-por-encomenda","9":"desktop-align-left","10":"tablet-align-left","11":"mobile-align-left","12":"ast-product-gallery-layout-horizontal-slider","13":"ast-product-tabs-layout-horizontal","15":"first","16":"instock","17":"taxable","18":"shipping-taxable","19":"product-type-simple"},"_links":{"self":[{"href":"https:\/\/monstter.pt\/en\/wp-json\/wp\/v2\/product\/4850","targetHints":{"allow":["GET"]}}],"collection":[{"href":"https:\/\/monstter.pt\/en\/wp-json\/wp\/v2\/product"}],"about":[{"href":"https:\/\/monstter.pt\/en\/wp-json\/wp\/v2\/types\/product"}],"replies":[{"embeddable":true,"href":"https:\/\/monstter.pt\/en\/wp-json\/wp\/v2\/comments?post=4850"}],"wp:featuredmedia":[{"embeddable":true,"href":"https:\/\/monstter.pt\/en\/wp-json\/wp\/v2\/media\/4851"}],"wp:attachment":[{"href":"https:\/\/monstter.pt\/en\/wp-json\/wp\/v2\/media?parent=4850"}],"wp:term":[{"taxonomy":"product_brand","embeddable":true,"href":"https:\/\/monstter.pt\/en\/wp-json\/wp\/v2\/product_brand?post=4850"},{"taxonomy":"product_cat","embeddable":true,"href":"https:\/\/monstter.pt\/en\/wp-json\/wp\/v2\/product_cat?post=4850"},{"taxonomy":"product_tag","embeddable":true,"href":"https:\/\/monstter.pt\/en\/wp-json\/wp\/v2\/product_tag?post=4850"}],"curies":[{"name":"wp","href":"https:\/\/api.w.org\/{rel}","templated":true}]}}