{"id":4899,"date":"2022-01-31T10:56:10","date_gmt":"2022-01-31T10:56:10","guid":{"rendered":"https:\/\/monstter.dev.loudzap.com\/?post_type=product&#038;p=4899"},"modified":"2024-03-01T12:17:47","modified_gmt":"2024-03-01T12:17:47","slug":"guincho-eletrico-bull-13500lbs-6123-kg-12v-c-sintetico","status":"publish","type":"product","link":"https:\/\/monstter.pt\/en\/produto\/guincho-eletrico-bull-13500lbs-6123-kg-12v-c-sintetico\/","title":{"rendered":"GUINCHO EL\u00c9TRICO BULL 13500LBS (6123 KG) 12V C. SINT\u00c9TICO"},"content":{"rendered":"<p><strong>ACESS\u00d3RIOS INCLUIDOS:<\/strong><\/p>\n<p>Comando com cabo<br \/>\nGuia de\u00a0Alum\u00ednio<br \/>\nControlo remoto wireless<br \/>\nCabos de bateria (pode necessitar de cabos mais compridos dependendo da instala\u00e7\u00e3o)<br \/>\nKit de parafusos de fixa\u00e7\u00e3o<br \/>\nGancho<br \/>\nCorda sint\u00e9tica 10 mm x 28 mt<br \/>\nFita de Gancho<br \/>\nLuvas<br \/>\nCertificado de Conformidade CE para posterior homologa\u00e7\u00e3o<\/p>\n","protected":false},"excerpt":{"rendered":"<p>Capacidade 6123 kg<br \/>\nMotor 6.6 HP<br \/>\nEngrenagem 3-st. planet\u00e1ria<br \/>\nRela\u00e7\u00e3o de transmiss\u00e3o 216:1<br \/>\nBobine 500A<br \/>\nTrav\u00e3o autom\u00e1tico no tambor<br \/>\nCabo sint\u00e9tico 10 mm x 28 m<br \/>\nGuia de alum\u00ednio<br \/>\nDimens\u00f5es 542 mm X 160mm X 245mm<br \/>\nDimens\u00f5es tambor 63mm X 223mm<br \/>\nPeso 29 kgs<\/p>\n","protected":false},"featured_media":4900,"comment_status":"closed","ping_status":"closed","template":"","meta":{"_seopress_robots_primary_cat":"none","_seopress_titles_title":"","_seopress_titles_desc":"","_seopress_robots_index":"","site-sidebar-layout":"default","site-content-layout":"default","ast-site-content-layout":"default","site-content-style":"default","site-sidebar-style":"default","ast-global-header-display":"","ast-banner-title-visibility":"","ast-main-header-display":"","ast-hfb-above-header-display":"","ast-hfb-below-header-display":"","ast-hfb-mobile-header-display":"","site-post-title":"","ast-breadcrumbs-content":"","ast-featured-img":"","footer-sml-layout":"","ast-disable-related-posts":"","theme-transparent-header-meta":"default","adv-header-id-meta":"","stick-header-meta":"default","header-above-stick-meta":"","header-main-stick-meta":"","header-below-stick-meta":"","astra-migrate-meta-layouts":"set","ast-page-background-enabled":"default","ast-page-background-meta":{"desktop":{"background-color":"var(--ast-global-color-4)","background-image":"","background-repeat":"repeat","background-position":"center center","background-size":"auto","background-attachment":"scroll","background-type":"","background-media":"","overlay-type":"","overlay-color":"","overlay-opacity":"","overlay-gradient":""},"tablet":{"background-color":"","background-image":"","background-repeat":"repeat","background-position":"center center","background-size":"auto","background-attachment":"scroll","background-type":"","background-media":"","overlay-type":"","overlay-color":"","overlay-opacity":"","overlay-gradient":""},"mobile":{"background-color":"","background-image":"","background-repeat":"repeat","background-position":"center center","background-size":"auto","background-attachment":"scroll","background-type":"","background-media":"","overlay-type":"","overlay-color":"","overlay-opacity":"","overlay-gradient":""}},"ast-content-background-meta":{"desktop":{"background-color":"var(--ast-global-color-5)","background-image":"","background-repeat":"repeat","background-position":"center center","background-size":"auto","background-attachment":"scroll","background-type":"","background-media":"","overlay-type":"","overlay-color":"","overlay-opacity":"","overlay-gradient":""},"tablet":{"background-color":"var(--ast-global-color-5)","background-image":"","background-repeat":"repeat","background-position":"center center","background-size":"auto","background-attachment":"scroll","background-type":"","background-media":"","overlay-type":"","overlay-color":"","overlay-opacity":"","overlay-gradient":""},"mobile":{"background-color":"var(--ast-global-color-5)","background-image":"","background-repeat":"repeat","background-position":"center center","background-size":"auto","background-attachment":"scroll","background-type":"","background-media":"","overlay-type":"","overlay-color":"","overlay-opacity":"","overlay-gradient":""}}},"product_brand":[],"product_cat":[25,45],"product_tag":[],"class_list":{"0":"post-4899","1":"product","2":"type-product","3":"status-publish","4":"has-post-thumbnail","6":"product_cat-guinchos","7":"product_cat-outros","8":"desktop-align-left","9":"tablet-align-left","10":"mobile-align-left","11":"ast-product-gallery-layout-horizontal-slider","12":"ast-product-tabs-layout-horizontal","14":"first","15":"instock","16":"taxable","17":"shipping-taxable","18":"purchasable","19":"product-type-simple"},"_links":{"self":[{"href":"https:\/\/monstter.pt\/en\/wp-json\/wp\/v2\/product\/4899","targetHints":{"allow":["GET"]}}],"collection":[{"href":"https:\/\/monstter.pt\/en\/wp-json\/wp\/v2\/product"}],"about":[{"href":"https:\/\/monstter.pt\/en\/wp-json\/wp\/v2\/types\/product"}],"replies":[{"embeddable":true,"href":"https:\/\/monstter.pt\/en\/wp-json\/wp\/v2\/comments?post=4899"}],"wp:featuredmedia":[{"embeddable":true,"href":"https:\/\/monstter.pt\/en\/wp-json\/wp\/v2\/media\/4900"}],"wp:attachment":[{"href":"https:\/\/monstter.pt\/en\/wp-json\/wp\/v2\/media?parent=4899"}],"wp:term":[{"taxonomy":"product_brand","embeddable":true,"href":"https:\/\/monstter.pt\/en\/wp-json\/wp\/v2\/product_brand?post=4899"},{"taxonomy":"product_cat","embeddable":true,"href":"https:\/\/monstter.pt\/en\/wp-json\/wp\/v2\/product_cat?post=4899"},{"taxonomy":"product_tag","embeddable":true,"href":"https:\/\/monstter.pt\/en\/wp-json\/wp\/v2\/product_tag?post=4899"}],"curies":[{"name":"wp","href":"https:\/\/api.w.org\/{rel}","templated":true}]}}