{"id":4926,"date":"2022-01-31T11:20:55","date_gmt":"2022-01-31T11:20:55","guid":{"rendered":"https:\/\/monstter.dev.loudzap.com\/?post_type=product&#038;p=4926"},"modified":"2023-11-16T12:38:40","modified_gmt":"2023-11-16T12:38:40","slug":"deposito-de-agua-42l-com-sistema-de-montagem-e-kit-de-mangueira","status":"publish","type":"product","link":"https:\/\/monstter.pt\/en\/produto\/deposito-de-agua-42l-com-sistema-de-montagem-e-kit-de-mangueira\/","title":{"rendered":"DEP\u00d3SITO DE \u00c1GUA 42L COM SISTEMA DE MONTAGEM E KIT DE MANGUEIRA"},"content":{"rendered":"<p><strong>Consiste em:<br \/>\n<\/strong>1x Dep\u00f3sito de \u00e1gua<br \/>\n1x 12mm de di\u00e2metro x 1500mm de comprimento da mangueira transparente<br \/>\n5x bra\u00e7adeira de mangueira<br \/>\n1x Torneira de Bloqueio do Tanque de \u00c1gua<br \/>\n1x Suporte de montagem<br \/>\n1x Kit de porca e parafuso<\/p>\n<p><strong>Material usado:<br \/>\n<\/strong>Tanque: Produto apropriado para armazenamento de bens comest\u00edveis, polietileno sem BPA<br \/>\nSuporte: A\u00e7o revestido a p\u00f3 preto<\/p>\n<p><strong>Dimens\u00f5es do produto:<\/strong><br \/>\nL 370mm x H 370mm x L 530mm<\/p>\n<p><strong>Peso:<\/strong><br \/>\n5,8 kg<\/p>\n","protected":false},"excerpt":{"rendered":"<p>Este kit compacto de tanque de \u00e1gua e mangueira de 42 litros, inclui suportes de montagem para grade de tejadilho Front Runner SlimII ou compat\u00edvel. Constru\u00eddo para ser forte e resistente fora de estrada, o kit de tanque e mangueira de \u00e1gua 42l \u00e9 uma solu\u00e7\u00e3o perfeita para armazenamento de \u00e1gua quando o espa\u00e7o \u00e9 importante.<\/p>\n<ul>\n<li>Feito de polietileno de qualidade alimentar e \u00e9 livre de BPA.<\/li>\n<li>O tanque de \u00e1gua e o kit de mangueira incluem acess\u00f3rios para tubos de lat\u00e3o.<\/li>\n<\/ul>\n<p>Inclui os suportes necess\u00e1rios para montar o dep\u00f3sito nas laterais da roof rack Slimline II. Para montar o tanque longe dos lados perpendiculares ou paralelos \u00e0s ripas do rack, s\u00e3o necess\u00e1rios suportes de montagem opcionais do tanque de \u00e1gua 42l. Vendido separadamente.<\/p>\n","protected":false},"featured_media":4927,"comment_status":"closed","ping_status":"closed","template":"","meta":{"_seopress_robots_primary_cat":"none","_seopress_titles_title":"","_seopress_titles_desc":"","_seopress_robots_index":"","site-sidebar-layout":"default","site-content-layout":"default","ast-site-content-layout":"default","site-content-style":"default","site-sidebar-style":"default","ast-global-header-display":"","ast-banner-title-visibility":"","ast-main-header-display":"","ast-hfb-above-header-display":"","ast-hfb-below-header-display":"","ast-hfb-mobile-header-display":"","site-post-title":"","ast-breadcrumbs-content":"","ast-featured-img":"","footer-sml-layout":"","ast-disable-related-posts":"","theme-transparent-header-meta":"default","adv-header-id-meta":"","stick-header-meta":"","header-above-stick-meta":"","header-main-stick-meta":"","header-below-stick-meta":"","astra-migrate-meta-layouts":"set","ast-page-background-enabled":"default","ast-page-background-meta":{"desktop":{"background-color":"var(--ast-global-color-4)","background-image":"","background-repeat":"repeat","background-position":"center center","background-size":"auto","background-attachment":"scroll","background-type":"","background-media":"","overlay-type":"","overlay-color":"","overlay-opacity":"","overlay-gradient":""},"tablet":{"background-color":"","background-image":"","background-repeat":"repeat","background-position":"center center","background-size":"auto","background-attachment":"scroll","background-type":"","background-media":"","overlay-type":"","overlay-color":"","overlay-opacity":"","overlay-gradient":""},"mobile":{"background-color":"","background-image":"","background-repeat":"repeat","background-position":"center center","background-size":"auto","background-attachment":"scroll","background-type":"","background-media":"","overlay-type":"","overlay-color":"","overlay-opacity":"","overlay-gradient":""}},"ast-content-background-meta":{"desktop":{"background-color":"var(--ast-global-color-5)","background-image":"","background-repeat":"repeat","background-position":"center center","background-size":"auto","background-attachment":"scroll","background-type":"","background-media":"","overlay-type":"","overlay-color":"","overlay-opacity":"","overlay-gradient":""},"tablet":{"background-color":"var(--ast-global-color-5)","background-image":"","background-repeat":"repeat","background-position":"center center","background-size":"auto","background-attachment":"scroll","background-type":"","background-media":"","overlay-type":"","overlay-color":"","overlay-opacity":"","overlay-gradient":""},"mobile":{"background-color":"var(--ast-global-color-5)","background-image":"","background-repeat":"repeat","background-position":"center center","background-size":"auto","background-attachment":"scroll","background-type":"","background-media":"","overlay-type":"","overlay-color":"","overlay-opacity":"","overlay-gradient":""}}},"product_brand":[],"product_cat":[27,59,214],"product_tag":[223],"class_list":{"0":"post-4926","1":"product","2":"type-product","3":"status-publish","4":"has-post-thumbnail","6":"product_cat-depositos-de-agua-e-combustivel","7":"product_cat-front-runner-3","8":"product_cat-front-runner-5","9":"product_tag-black-week","10":"desktop-align-left","11":"tablet-align-left","12":"mobile-align-left","13":"ast-product-gallery-layout-horizontal-slider","14":"ast-product-tabs-layout-horizontal","16":"first","17":"instock","18":"taxable","19":"shipping-taxable","20":"purchasable","21":"product-type-simple"},"_links":{"self":[{"href":"https:\/\/monstter.pt\/en\/wp-json\/wp\/v2\/product\/4926","targetHints":{"allow":["GET"]}}],"collection":[{"href":"https:\/\/monstter.pt\/en\/wp-json\/wp\/v2\/product"}],"about":[{"href":"https:\/\/monstter.pt\/en\/wp-json\/wp\/v2\/types\/product"}],"replies":[{"embeddable":true,"href":"https:\/\/monstter.pt\/en\/wp-json\/wp\/v2\/comments?post=4926"}],"wp:featuredmedia":[{"embeddable":true,"href":"https:\/\/monstter.pt\/en\/wp-json\/wp\/v2\/media\/4927"}],"wp:attachment":[{"href":"https:\/\/monstter.pt\/en\/wp-json\/wp\/v2\/media?parent=4926"}],"wp:term":[{"taxonomy":"product_brand","embeddable":true,"href":"https:\/\/monstter.pt\/en\/wp-json\/wp\/v2\/product_brand?post=4926"},{"taxonomy":"product_cat","embeddable":true,"href":"https:\/\/monstter.pt\/en\/wp-json\/wp\/v2\/product_cat?post=4926"},{"taxonomy":"product_tag","embeddable":true,"href":"https:\/\/monstter.pt\/en\/wp-json\/wp\/v2\/product_tag?post=4926"}],"curies":[{"name":"wp","href":"https:\/\/api.w.org\/{rel}","templated":true}]}}