{"id":4937,"date":"2022-01-31T11:25:41","date_gmt":"2022-01-31T11:25:41","guid":{"rendered":"https:\/\/monstter.dev.loudzap.com\/?post_type=product&#038;p=4937"},"modified":"2023-06-16T12:13:14","modified_gmt":"2023-06-16T11:13:14","slug":"tanque-de-agua-50l-inclinado","status":"publish","type":"product","link":"https:\/\/monstter.pt\/en\/produto\/tanque-de-agua-50l-inclinado\/","title":{"rendered":"TANQUE DE \u00c1GUA 50L INCLINADO"},"content":{"rendered":"<p><strong>Dimens\u00f5es do produto:<\/strong><br \/>\nW 1000mm (39,4\u2033) x H 350mm (13,8\u2033) x L afilado 200mm (7,9\u2033) a 150mm (5,9\u2033)<\/p>\n<p><strong>Peso:<\/strong><br \/>\n5,08kg (11,2 lbs)<\/p>\n","protected":false},"excerpt":{"rendered":"<p>Este tanque\u00a0de \u00e1gua\u00a0inclinado de\u00a050l (13.2gal)\u00a0\u00e9 indicado para maximizar a utiliza\u00e7\u00e3o do espa\u00e7o, encaixando atr\u00e1s dos bancos traseiros dos ve\u00edculos e a forma inclinada compensa a inclina\u00e7\u00e3o nos bancos traseiros.<\/p>\n<p>Este tanque \u00e9 universal em termos de sua implementa\u00e7\u00e3o; ele pode ser usado em sistemas de armazenamento personalizados, motorhomes, outros ve\u00edculos e outras muitas outras inst\u00e2ncias.<\/p>\n<p>Feito de polietileno de grau alimentar e \u00e9 livre de BPA.<\/p>\n<p>Capacidade de 50l (13,2gal).<\/p>\n<p>Este tanque tem\u00a0<strong>encaixes de tubo de pl\u00e1stico.<\/strong><\/p>\n<p>O\u00a0Kit de Mangueira do Reservat\u00f3rio de \u00c1gua\u00a0para este reservat\u00f3rio de \u00e1gua \u00e9 vendido de forma separada.<\/p>\n","protected":false},"featured_media":4938,"comment_status":"closed","ping_status":"closed","template":"","meta":{"_seopress_robots_primary_cat":"","_seopress_titles_title":"","_seopress_titles_desc":"","_seopress_robots_index":"","site-sidebar-layout":"default","site-content-layout":"default","ast-site-content-layout":"default","site-content-style":"default","site-sidebar-style":"default","ast-global-header-display":"","ast-banner-title-visibility":"","ast-main-header-display":"","ast-hfb-above-header-display":"","ast-hfb-below-header-display":"","ast-hfb-mobile-header-display":"","site-post-title":"","ast-breadcrumbs-content":"","ast-featured-img":"","footer-sml-layout":"","ast-disable-related-posts":"","theme-transparent-header-meta":"default","adv-header-id-meta":"","stick-header-meta":"","header-above-stick-meta":"","header-main-stick-meta":"","header-below-stick-meta":"","astra-migrate-meta-layouts":"default","ast-page-background-enabled":"default","ast-page-background-meta":{"desktop":{"background-color":"var(--ast-global-color-4)","background-image":"","background-repeat":"repeat","background-position":"center center","background-size":"auto","background-attachment":"scroll","background-type":"","background-media":"","overlay-type":"","overlay-color":"","overlay-opacity":"","overlay-gradient":""},"tablet":{"background-color":"","background-image":"","background-repeat":"repeat","background-position":"center center","background-size":"auto","background-attachment":"scroll","background-type":"","background-media":"","overlay-type":"","overlay-color":"","overlay-opacity":"","overlay-gradient":""},"mobile":{"background-color":"","background-image":"","background-repeat":"repeat","background-position":"center center","background-size":"auto","background-attachment":"scroll","background-type":"","background-media":"","overlay-type":"","overlay-color":"","overlay-opacity":"","overlay-gradient":""}},"ast-content-background-meta":{"desktop":{"background-color":"var(--ast-global-color-5)","background-image":"","background-repeat":"repeat","background-position":"center center","background-size":"auto","background-attachment":"scroll","background-type":"","background-media":"","overlay-type":"","overlay-color":"","overlay-opacity":"","overlay-gradient":""},"tablet":{"background-color":"var(--ast-global-color-5)","background-image":"","background-repeat":"repeat","background-position":"center center","background-size":"auto","background-attachment":"scroll","background-type":"","background-media":"","overlay-type":"","overlay-color":"","overlay-opacity":"","overlay-gradient":""},"mobile":{"background-color":"var(--ast-global-color-5)","background-image":"","background-repeat":"repeat","background-position":"center center","background-size":"auto","background-attachment":"scroll","background-type":"","background-media":"","overlay-type":"","overlay-color":"","overlay-opacity":"","overlay-gradient":""}}},"product_brand":[],"product_cat":[27,59],"product_tag":[],"class_list":{"0":"post-4937","1":"product","2":"type-product","3":"status-publish","4":"has-post-thumbnail","6":"product_cat-depositos-de-agua-e-combustivel","7":"product_cat-front-runner-3","8":"desktop-align-left","9":"tablet-align-left","10":"mobile-align-left","11":"ast-product-gallery-layout-horizontal-slider","12":"ast-product-tabs-layout-horizontal","14":"first","15":"onbackorder","16":"taxable","17":"shipping-taxable","18":"purchasable","19":"product-type-simple"},"_links":{"self":[{"href":"https:\/\/monstter.pt\/en\/wp-json\/wp\/v2\/product\/4937","targetHints":{"allow":["GET"]}}],"collection":[{"href":"https:\/\/monstter.pt\/en\/wp-json\/wp\/v2\/product"}],"about":[{"href":"https:\/\/monstter.pt\/en\/wp-json\/wp\/v2\/types\/product"}],"replies":[{"embeddable":true,"href":"https:\/\/monstter.pt\/en\/wp-json\/wp\/v2\/comments?post=4937"}],"wp:featuredmedia":[{"embeddable":true,"href":"https:\/\/monstter.pt\/en\/wp-json\/wp\/v2\/media\/4938"}],"wp:attachment":[{"href":"https:\/\/monstter.pt\/en\/wp-json\/wp\/v2\/media?parent=4937"}],"wp:term":[{"taxonomy":"product_brand","embeddable":true,"href":"https:\/\/monstter.pt\/en\/wp-json\/wp\/v2\/product_brand?post=4937"},{"taxonomy":"product_cat","embeddable":true,"href":"https:\/\/monstter.pt\/en\/wp-json\/wp\/v2\/product_cat?post=4937"},{"taxonomy":"product_tag","embeddable":true,"href":"https:\/\/monstter.pt\/en\/wp-json\/wp\/v2\/product_tag?post=4937"}],"curies":[{"name":"wp","href":"https:\/\/api.w.org\/{rel}","templated":true}]}}