{"id":5031,"date":"2022-01-31T12:45:30","date_gmt":"2022-01-31T12:45:30","guid":{"rendered":"https:\/\/monstter.dev.loudzap.com\/?post_type=product&#038;p=5031"},"modified":"2023-06-15T12:12:17","modified_gmt":"2023-06-15T11:12:17","slug":"suporte-lateral-de-jerry-can-para-defender-by-front-runner","status":"publish","type":"product","link":"https:\/\/monstter.pt\/en\/produto\/suporte-lateral-de-jerry-can-para-defender-by-front-runner\/","title":{"rendered":"Suporte Lateral de Jerry Can para Defender By Front Runner"},"content":{"rendered":"","protected":false},"excerpt":{"rendered":"<div class=\"value\">\n<p>O mesmo fi\u00e1vel e resistente suporte de Jerry Can Front Runner, apenas convenientemente reconfigurado para montar na lateral do ve\u00edculo atrav\u00e9s de uma montagem de cornija\/goteira.<\/p>\n<\/div>\n<ul>\n<li>A trava de a\u00e7o inoxid\u00e1vel ajust\u00e1vel com captura de seguran\u00e7a mant\u00e9m seu Jerry Can firmemente no lugar durante uma vida de abuso off-road.<\/li>\n<li>Para uso com latas militares estilo NATO\/Wedco de 20 litros.<\/li>\n<li>Esta correia cobre a tampa do Jerry. Adicione seu pr\u00f3prio cadeado e nunca ter\u00e1 que se preocupar com combust\u00edvel roubado durante a estrada.<\/li>\n<li>Instala\u00e7\u00e3o simples<\/li>\n<li>Feito de a\u00e7o inoxid\u00e1vel revestido de p\u00f3 preto dur\u00e1vel e projetado para montar na goteira de ve\u00edculos como os cl\u00e1ssicos Land Rovers.<\/li>\n<\/ul>\n<p>Nota: N\u00e3o funcionar\u00e1 com latas estilo Cetro<\/p>\n<p><strong>(n\u00e3o inclui Jerry Can)<\/strong><\/p>\n","protected":false},"featured_media":5032,"comment_status":"closed","ping_status":"closed","template":"","meta":{"_seopress_robots_primary_cat":"","_seopress_titles_title":"","_seopress_titles_desc":"","_seopress_robots_index":"","site-sidebar-layout":"default","site-content-layout":"default","ast-site-content-layout":"default","site-content-style":"default","site-sidebar-style":"default","ast-global-header-display":"","ast-banner-title-visibility":"","ast-main-header-display":"","ast-hfb-above-header-display":"","ast-hfb-below-header-display":"","ast-hfb-mobile-header-display":"","site-post-title":"","ast-breadcrumbs-content":"","ast-featured-img":"","footer-sml-layout":"","ast-disable-related-posts":"","theme-transparent-header-meta":"","adv-header-id-meta":"","stick-header-meta":"","header-above-stick-meta":"","header-main-stick-meta":"","header-below-stick-meta":"","astra-migrate-meta-layouts":"default","ast-page-background-enabled":"default","ast-page-background-meta":{"desktop":{"background-color":"var(--ast-global-color-4)","background-image":"","background-repeat":"repeat","background-position":"center center","background-size":"auto","background-attachment":"scroll","background-type":"","background-media":"","overlay-type":"","overlay-color":"","overlay-opacity":"","overlay-gradient":""},"tablet":{"background-color":"","background-image":"","background-repeat":"repeat","background-position":"center center","background-size":"auto","background-attachment":"scroll","background-type":"","background-media":"","overlay-type":"","overlay-color":"","overlay-opacity":"","overlay-gradient":""},"mobile":{"background-color":"","background-image":"","background-repeat":"repeat","background-position":"center center","background-size":"auto","background-attachment":"scroll","background-type":"","background-media":"","overlay-type":"","overlay-color":"","overlay-opacity":"","overlay-gradient":""}},"ast-content-background-meta":{"desktop":{"background-color":"var(--ast-global-color-5)","background-image":"","background-repeat":"repeat","background-position":"center center","background-size":"auto","background-attachment":"scroll","background-type":"","background-media":"","overlay-type":"","overlay-color":"","overlay-opacity":"","overlay-gradient":""},"tablet":{"background-color":"var(--ast-global-color-5)","background-image":"","background-repeat":"repeat","background-position":"center center","background-size":"auto","background-attachment":"scroll","background-type":"","background-media":"","overlay-type":"","overlay-color":"","overlay-opacity":"","overlay-gradient":""},"mobile":{"background-color":"var(--ast-global-color-5)","background-image":"","background-repeat":"repeat","background-position":"center center","background-size":"auto","background-attachment":"scroll","background-type":"","background-media":"","overlay-type":"","overlay-color":"","overlay-opacity":"","overlay-gradient":""}}},"product_brand":[],"product_cat":[26,53,214],"product_tag":[],"class_list":{"0":"post-5031","1":"product","2":"type-product","3":"status-publish","4":"has-post-thumbnail","6":"product_cat-acessorios","7":"product_cat-front-runner-2","8":"product_cat-front-runner-5","9":"desktop-align-left","10":"tablet-align-left","11":"mobile-align-left","12":"ast-product-gallery-layout-horizontal-slider","13":"ast-product-tabs-layout-horizontal","15":"first","16":"instock","17":"taxable","18":"shipping-taxable","19":"purchasable","20":"product-type-simple"},"_links":{"self":[{"href":"https:\/\/monstter.pt\/en\/wp-json\/wp\/v2\/product\/5031","targetHints":{"allow":["GET"]}}],"collection":[{"href":"https:\/\/monstter.pt\/en\/wp-json\/wp\/v2\/product"}],"about":[{"href":"https:\/\/monstter.pt\/en\/wp-json\/wp\/v2\/types\/product"}],"replies":[{"embeddable":true,"href":"https:\/\/monstter.pt\/en\/wp-json\/wp\/v2\/comments?post=5031"}],"wp:featuredmedia":[{"embeddable":true,"href":"https:\/\/monstter.pt\/en\/wp-json\/wp\/v2\/media\/5032"}],"wp:attachment":[{"href":"https:\/\/monstter.pt\/en\/wp-json\/wp\/v2\/media?parent=5031"}],"wp:term":[{"taxonomy":"product_brand","embeddable":true,"href":"https:\/\/monstter.pt\/en\/wp-json\/wp\/v2\/product_brand?post=5031"},{"taxonomy":"product_cat","embeddable":true,"href":"https:\/\/monstter.pt\/en\/wp-json\/wp\/v2\/product_cat?post=5031"},{"taxonomy":"product_tag","embeddable":true,"href":"https:\/\/monstter.pt\/en\/wp-json\/wp\/v2\/product_tag?post=5031"}],"curies":[{"name":"wp","href":"https:\/\/api.w.org\/{rel}","templated":true}]}}