{"id":5120,"date":"2022-01-31T13:31:45","date_gmt":"2022-01-31T13:31:45","guid":{"rendered":"https:\/\/monstter.dev.loudzap.com\/?post_type=product&#038;p=5120"},"modified":"2026-04-04T21:42:50","modified_gmt":"2026-04-04T20:42:50","slug":"drop-down-tampa-bagageira","status":"publish","type":"product","link":"https:\/\/monstter.pt\/en\/produto\/drop-down-tampa-bagageira\/","title":{"rendered":"Mesa para porta traseira"},"content":{"rendered":"<div class=\"et_pb_toggle_content clearfix\">\n<ul>\n<li style=\"list-style-type: none;\">\n<ul>\n<li>Adapta-se ao interior da sua viatura com porta traseira de abertura girat\u00f3ria\/lateral.<\/li>\n<li>Cabe nas portas de abertura esquerda e direita.<\/li>\n<li>Abre para baixo quando a trava \u00e9 liberada e \u00e9 suportada por 2 estadas deslizantes.<\/li>\n<li>Classifica\u00e7\u00e3o de carga 40 kg .<\/li>\n<li><\/li>\n<\/ul>\n<\/li>\n<\/ul>\n<ul>\n<li>A \u00e1rea da superf\u00edcie da mesa pode ser aumentada em 445 mm de comprimento, deslizando a extens\u00e3o da bandeja de madeira de 12 mm. Essa extens\u00e3o da bandeja da mesa pode ser alterada para abrir \u00e0 esquerda ou \u00e0 direita.<\/li>\n<li>A trava mant\u00e9m a mesa segura e sem chocalho com a ajuda de 2 rolhas de borracha ajust\u00e1veis.<\/li>\n<li>Feito de a\u00e7o e selado com o mesmo revestimento em p\u00f3 preto dur\u00e1vel e resistente \u00e0s intemp\u00e9ries que os racks do corredor frontal.<\/li>\n<li>Inclui todo o hardware de instala\u00e7\u00e3o necess\u00e1rio e instru\u00e7\u00f5es de montagem.<\/li>\n<\/ul>\n<p>*pode ser necess\u00e1ria placa de porta de tamanho apropriado ou uma superf\u00edcie plana de a\u00e7o de 685 mm L x 376 mm W.\u00a0Perfura\u00e7\u00e3o \u00e9 necess\u00e1ria.<\/p>\n<\/div>\n","protected":false},"excerpt":{"rendered":"<p>&nbsp;<\/p>\n<div class=\"et_pb_module et_pb_text et_pb_text_1 et_pb_bg_layout_light et_pb_text_align_left\">\n<div class=\"et_pb_text_inner\"><strong>Peso:<\/strong> 7,8\u00a0kg (17,2 lb)<br \/>\n<strong>Classifica\u00e7\u00e3o de carga:<\/strong> 40 kg (88,2 lb)Obtenha rapidamente mais espa\u00e7o na mesa, para prepara\u00e7\u00e3o de alimentos ou trabalho, na parte de tr\u00e1s do seu ve\u00edculo.\u00a0Esta robusta mesa suspensa \u00e9 montada na porta de batente traseira do Jeep JK \/ JKU \/ JLs e em outros ve\u00edculos e reboques com uma superf\u00edcie de montagem plana adequada.\u00a0Inclui um tampo de mesa de a\u00e7o revestido a p\u00f3 preto com uma bandeja extens\u00edvel de madeira.\u00a0Projetado para ser facilmente acedido.\u00a0Arrume com seguran\u00e7a para uma aventura sem barulho.<\/div>\n<\/div>\n","protected":false},"featured_media":5121,"comment_status":"closed","ping_status":"closed","template":"","meta":{"_seopress_robots_primary_cat":"","_seopress_titles_title":"","_seopress_titles_desc":"","_seopress_robots_index":"","site-sidebar-layout":"default","site-content-layout":"default","ast-site-content-layout":"default","site-content-style":"default","site-sidebar-style":"default","ast-global-header-display":"","ast-banner-title-visibility":"","ast-main-header-display":"","ast-hfb-above-header-display":"","ast-hfb-below-header-display":"","ast-hfb-mobile-header-display":"","site-post-title":"","ast-breadcrumbs-content":"","ast-featured-img":"","footer-sml-layout":"","ast-disable-related-posts":"","theme-transparent-header-meta":"default","adv-header-id-meta":"","stick-header-meta":"","header-above-stick-meta":"","header-main-stick-meta":"","header-below-stick-meta":"","astra-migrate-meta-layouts":"default","ast-page-background-enabled":"default","ast-page-background-meta":{"desktop":{"background-color":"var(--ast-global-color-4)","background-image":"","background-repeat":"repeat","background-position":"center center","background-size":"auto","background-attachment":"scroll","background-type":"","background-media":"","overlay-type":"","overlay-color":"","overlay-opacity":"","overlay-gradient":""},"tablet":{"background-color":"","background-image":"","background-repeat":"repeat","background-position":"center center","background-size":"auto","background-attachment":"scroll","background-type":"","background-media":"","overlay-type":"","overlay-color":"","overlay-opacity":"","overlay-gradient":""},"mobile":{"background-color":"","background-image":"","background-repeat":"repeat","background-position":"center center","background-size":"auto","background-attachment":"scroll","background-type":"","background-media":"","overlay-type":"","overlay-color":"","overlay-opacity":"","overlay-gradient":""}},"ast-content-background-meta":{"desktop":{"background-color":"var(--ast-global-color-5)","background-image":"","background-repeat":"repeat","background-position":"center center","background-size":"auto","background-attachment":"scroll","background-type":"","background-media":"","overlay-type":"","overlay-color":"","overlay-opacity":"","overlay-gradient":""},"tablet":{"background-color":"var(--ast-global-color-5)","background-image":"","background-repeat":"repeat","background-position":"center center","background-size":"auto","background-attachment":"scroll","background-type":"","background-media":"","overlay-type":"","overlay-color":"","overlay-opacity":"","overlay-gradient":""},"mobile":{"background-color":"var(--ast-global-color-5)","background-image":"","background-repeat":"repeat","background-position":"center center","background-size":"auto","background-attachment":"scroll","background-type":"","background-media":"","overlay-type":"","overlay-color":"","overlay-opacity":"","overlay-gradient":""}}},"product_brand":[],"product_cat":[26,53,214,182],"product_tag":[],"class_list":{"0":"post-5120","1":"product","2":"type-product","3":"status-publish","4":"has-post-thumbnail","6":"product_cat-acessorios","7":"product_cat-front-runner-2","8":"product_cat-front-runner-5","9":"product_cat-oportunidades","10":"desktop-align-left","11":"tablet-align-left","12":"mobile-align-left","13":"ast-product-gallery-layout-horizontal-slider","14":"ast-product-tabs-layout-horizontal","16":"first","17":"onbackorder","18":"sale","19":"taxable","20":"shipping-taxable","21":"purchasable","22":"product-type-simple"},"_links":{"self":[{"href":"https:\/\/monstter.pt\/en\/wp-json\/wp\/v2\/product\/5120","targetHints":{"allow":["GET"]}}],"collection":[{"href":"https:\/\/monstter.pt\/en\/wp-json\/wp\/v2\/product"}],"about":[{"href":"https:\/\/monstter.pt\/en\/wp-json\/wp\/v2\/types\/product"}],"replies":[{"embeddable":true,"href":"https:\/\/monstter.pt\/en\/wp-json\/wp\/v2\/comments?post=5120"}],"wp:featuredmedia":[{"embeddable":true,"href":"https:\/\/monstter.pt\/en\/wp-json\/wp\/v2\/media\/5121"}],"wp:attachment":[{"href":"https:\/\/monstter.pt\/en\/wp-json\/wp\/v2\/media?parent=5120"}],"wp:term":[{"taxonomy":"product_brand","embeddable":true,"href":"https:\/\/monstter.pt\/en\/wp-json\/wp\/v2\/product_brand?post=5120"},{"taxonomy":"product_cat","embeddable":true,"href":"https:\/\/monstter.pt\/en\/wp-json\/wp\/v2\/product_cat?post=5120"},{"taxonomy":"product_tag","embeddable":true,"href":"https:\/\/monstter.pt\/en\/wp-json\/wp\/v2\/product_tag?post=5120"}],"curies":[{"name":"wp","href":"https:\/\/api.w.org\/{rel}","templated":true}]}}