{"id":5143,"date":"2022-01-31T13:40:20","date_gmt":"2022-01-31T13:40:20","guid":{"rendered":"https:\/\/monstter.dev.loudzap.com\/?post_type=product&#038;p=5143"},"modified":"2025-06-11T11:52:45","modified_gmt":"2025-06-11T10:52:45","slug":"cadeira-de-campismo-expansor","status":"publish","type":"product","link":"https:\/\/monstter.pt\/en\/produto\/cadeira-de-campismo-expansor\/","title":{"rendered":"Cadeira de Campismo &#8220;Expander&#8221;"},"content":{"rendered":"<p>N\u00e3o fique de p\u00e9 \u2013 voc\u00ea n\u00e3o precisar\u00e1 de muito espa\u00e7o para levar a Cadeira Expansora do Corredor Frontal.\u2028\u2028 Esta cadeira foi projetada com uma nova tecnologia de patente pendente que economiza espa\u00e7o.\u2028\u2028Esta tecnologia inovadora permite que esta cadeira de tamanho compacto compacte at\u00e9 1\/16 do seu tamanho!<\/p>\n<p>&nbsp;<\/p>\n<p>O Expansor do Corredor Frontal \u00e9 facilmente armazenado em espa\u00e7o limitado, pois se dobra para o tamanho de uma caixa de laptop. \u2028\u2028Use essas cadeiras para pousos, sa\u00eddas de ar, piqueniques, shows ao ar livre, eventos esportivos etc.<\/p>\n<p>Como o Front Runner Expander \u00e9 leve e compacto com uma al\u00e7a de transporte, \u00e9 extremamente f\u00e1cil transportar do ve\u00edculo para o destino.<\/p>\n<p>O ALL BLACK DESIGN \u00e9 extremamente estiloso, combina com muitos ve\u00edculos e acess\u00f3rios de acampamento e se destaca de todas as outras cadeiras dobr\u00e1veis \u200b\u200bdo mercado.<\/p>\n","protected":false},"excerpt":{"rendered":"<div class=\"et_pb_module et_pb_text et_pb_text_1 et_pb_bg_layout_light et_pb_text_align_left\">\n<div class=\"et_pb_text_inner\"><strong>Peso:<\/strong>\u2028 4kg (9lbs)O design telesc\u00f3pico da cadeira de expans\u00e3o do corredor frontal permite que essa cadeira confort\u00e1vel se dobre em uma unidade extremamente compacta e f\u00e1cil de armazenar e transportar.Viajar com cadeiras sempre foi uma tarefa dif\u00edcil devido ao seu tamanho.\u00a0O conforto \u00e9 sempre o primeiro a ser desafiado com um ve\u00edculo superlotad<\/p>\n<div class=\"et_pb_toggle_content clearfix\"><strong>Dobrado:<\/strong><br \/>\nG 61mm (2,4 \u201c) X W 444.5mm (17,5\u201d) x H 417 mil\u00edmetros (16,4 \u201c)<strong>Desdobrado: <\/strong><br \/>\nG 521 mil\u00edmetros (20,5\u2033) X W 444,5 mil\u00edmetros (17,5 \u201c) x H 787 mil\u00edmetros (31\u201d)<strong>do assento Altura:<\/strong><br \/>\n432mm (17 \u201c)<strong>\u2028Capacidade de carga: <\/strong><br \/>\n115kg (253lbs)<\/div>\n<\/div>\n<\/div>\n","protected":false},"featured_media":5144,"comment_status":"closed","ping_status":"closed","template":"","meta":{"_seopress_robots_primary_cat":"","_seopress_titles_title":"","_seopress_titles_desc":"","_seopress_robots_index":"","site-sidebar-layout":"default","site-content-layout":"default","ast-site-content-layout":"default","site-content-style":"default","site-sidebar-style":"default","ast-global-header-display":"","ast-banner-title-visibility":"","ast-main-header-display":"","ast-hfb-above-header-display":"","ast-hfb-below-header-display":"","ast-hfb-mobile-header-display":"","site-post-title":"","ast-breadcrumbs-content":"","ast-featured-img":"","footer-sml-layout":"","ast-disable-related-posts":"","theme-transparent-header-meta":"default","adv-header-id-meta":"","stick-header-meta":"","header-above-stick-meta":"","header-main-stick-meta":"","header-below-stick-meta":"","astra-migrate-meta-layouts":"set","ast-page-background-enabled":"default","ast-page-background-meta":{"desktop":{"background-color":"var(--ast-global-color-4)","background-image":"","background-repeat":"repeat","background-position":"center center","background-size":"auto","background-attachment":"scroll","background-type":"","background-media":"","overlay-type":"","overlay-color":"","overlay-opacity":"","overlay-gradient":""},"tablet":{"background-color":"","background-image":"","background-repeat":"repeat","background-position":"center center","background-size":"auto","background-attachment":"scroll","background-type":"","background-media":"","overlay-type":"","overlay-color":"","overlay-opacity":"","overlay-gradient":""},"mobile":{"background-color":"","background-image":"","background-repeat":"repeat","background-position":"center center","background-size":"auto","background-attachment":"scroll","background-type":"","background-media":"","overlay-type":"","overlay-color":"","overlay-opacity":"","overlay-gradient":""}},"ast-content-background-meta":{"desktop":{"background-color":"var(--ast-global-color-5)","background-image":"","background-repeat":"repeat","background-position":"center center","background-size":"auto","background-attachment":"scroll","background-type":"","background-media":"","overlay-type":"","overlay-color":"","overlay-opacity":"","overlay-gradient":""},"tablet":{"background-color":"var(--ast-global-color-5)","background-image":"","background-repeat":"repeat","background-position":"center center","background-size":"auto","background-attachment":"scroll","background-type":"","background-media":"","overlay-type":"","overlay-color":"","overlay-opacity":"","overlay-gradient":""},"mobile":{"background-color":"var(--ast-global-color-5)","background-image":"","background-repeat":"repeat","background-position":"center center","background-size":"auto","background-attachment":"scroll","background-type":"","background-media":"","overlay-type":"","overlay-color":"","overlay-opacity":"","overlay-gradient":""}}},"product_brand":[],"product_cat":[26,214,53],"product_tag":[],"class_list":{"0":"post-5143","1":"product","2":"type-product","3":"status-publish","4":"has-post-thumbnail","6":"product_cat-acessorios","7":"product_cat-front-runner-5","8":"product_cat-front-runner-2","9":"desktop-align-left","10":"tablet-align-left","11":"mobile-align-left","12":"ast-product-gallery-layout-horizontal-slider","13":"ast-product-single-variable","14":"ast-product-tabs-layout-horizontal","16":"first","17":"instock","18":"taxable","19":"shipping-taxable","20":"purchasable","21":"product-type-variable"},"_links":{"self":[{"href":"https:\/\/monstter.pt\/en\/wp-json\/wp\/v2\/product\/5143","targetHints":{"allow":["GET"]}}],"collection":[{"href":"https:\/\/monstter.pt\/en\/wp-json\/wp\/v2\/product"}],"about":[{"href":"https:\/\/monstter.pt\/en\/wp-json\/wp\/v2\/types\/product"}],"replies":[{"embeddable":true,"href":"https:\/\/monstter.pt\/en\/wp-json\/wp\/v2\/comments?post=5143"}],"wp:featuredmedia":[{"embeddable":true,"href":"https:\/\/monstter.pt\/en\/wp-json\/wp\/v2\/media\/5144"}],"wp:attachment":[{"href":"https:\/\/monstter.pt\/en\/wp-json\/wp\/v2\/media?parent=5143"}],"wp:term":[{"taxonomy":"product_brand","embeddable":true,"href":"https:\/\/monstter.pt\/en\/wp-json\/wp\/v2\/product_brand?post=5143"},{"taxonomy":"product_cat","embeddable":true,"href":"https:\/\/monstter.pt\/en\/wp-json\/wp\/v2\/product_cat?post=5143"},{"taxonomy":"product_tag","embeddable":true,"href":"https:\/\/monstter.pt\/en\/wp-json\/wp\/v2\/product_tag?post=5143"}],"curies":[{"name":"wp","href":"https:\/\/api.w.org\/{rel}","templated":true}]}}