{"id":5201,"date":"2022-01-31T14:08:27","date_gmt":"2022-01-31T14:08:27","guid":{"rendered":"https:\/\/monstter.dev.loudzap.com\/?post_type=product&#038;p=5201"},"modified":"2024-12-03T09:27:03","modified_gmt":"2024-12-03T09:27:03","slug":"suporte-para-jerry-can","status":"publish","type":"product","link":"https:\/\/monstter.pt\/en\/produto\/suporte-para-jerry-can\/","title":{"rendered":"Suporte para Jerry Can"},"content":{"rendered":"<div class=\"et_pb_toggle_content clearfix\">\n<p>Como os Jerry can de hoje variam um pouco de tamanho , a maioria dos sistemas de montagem de jerry can n\u00e3o consegue prender adequadamente.<\/p>\n<p>Geralmente, h\u00e1 espa\u00e7o de manobra entre a transportadora e a lata.\u00a0E essa lacuna, por menor que seja, causa chocalho e desgaste.\u00a0Qual \u00e9 o sentido de amarrar suas latas se elas n\u00e3o forem realmente seguras?<\/p>\n<p>Os porta jerry Front Runner oferecem uma solu\u00e7\u00e3o inteligente sem chocalho e sem desgaste.\u00a0O fecho de a\u00e7o com trava ajust\u00e1vel significa que suas latas podem ser presas firmemente no lugar durante uma vida inteira de abuso off-road.<\/p>\n<p>Para uso com latas militares de 20l \/ 5,3 gal\u00f5es da OTAN \/ Wedco.\u00a0N\u00e3o funcionar\u00e1 com latas do tipo Scepter.<\/p>\n<p>O novo parafuso na parte superior da cinta proporciona maior comodidade ao remover o jerry can.Al\u00e9m disso, as correias de a\u00e7o cobrem a tampa do bid\u00e3o.\u00a0Adicione seu pr\u00f3prio cadeado e voc\u00ea nunca ter\u00e1 que se preocupar com combust\u00edvel roubado enquanto estiver na estrada.<\/p>\n<p>O suporte para latas de jerry simples da Front Runner \u00e9 feito de a\u00e7o inoxid\u00e1vel com revestimento em p\u00f3 preto e foi projetado para prender facilmente \u00e0s barras de tejadilho da frente, usando as ripas planas do rack.<\/p>\n<p>Se preferir um posicionamento paralelo, entre ripas, isso pode ser feito com o uso de\u00a0suportes entre l\u00e2minas\u00a0.<\/p>\n<\/div>\n","protected":false},"excerpt":{"rendered":"<div class=\"et_pb_module et_pb_text et_pb_text_1 et_pb_bg_layout_light  et_pb_text_align_left\">\n<div class=\"et_pb_text_inner\">\n<p><strong>Peso:\u00a0<\/strong>2,82 kg<\/p>\n<p>Segure o seu Jerry Can Met\u00e1lico ou de Pl\u00e1stico, neste sistema de montagem.<\/p>\n<p>Perfeitamente adequado para o rack de teto dianteiro Slimline II, mas pode ser parafusado em praticamente qualquer coisa.<\/p>\n<p>O suporte Jerry Can Single Front Runner foi projetado para ser montado em ripas ACROSS 2 perpendiculares.\u00a0Se voc\u00ea deseja montar um \u00fanico suporte de jerry can PARALLEL nas ripas, precisar\u00e1 usar esses suportes.<\/p>\n<\/div>\n<\/div>\n","protected":false},"featured_media":5202,"comment_status":"closed","ping_status":"closed","template":"","meta":{"_seopress_robots_primary_cat":"","_seopress_titles_title":"","_seopress_titles_desc":"","_seopress_robots_index":"","site-sidebar-layout":"default","site-content-layout":"default","ast-site-content-layout":"default","site-content-style":"default","site-sidebar-style":"default","ast-global-header-display":"","ast-banner-title-visibility":"","ast-main-header-display":"","ast-hfb-above-header-display":"","ast-hfb-below-header-display":"","ast-hfb-mobile-header-display":"","site-post-title":"","ast-breadcrumbs-content":"","ast-featured-img":"","footer-sml-layout":"","ast-disable-related-posts":"","theme-transparent-header-meta":"","adv-header-id-meta":"","stick-header-meta":"","header-above-stick-meta":"","header-main-stick-meta":"","header-below-stick-meta":"","astra-migrate-meta-layouts":"default","ast-page-background-enabled":"default","ast-page-background-meta":{"desktop":{"background-color":"var(--ast-global-color-4)","background-image":"","background-repeat":"repeat","background-position":"center center","background-size":"auto","background-attachment":"scroll","background-type":"","background-media":"","overlay-type":"","overlay-color":"","overlay-opacity":"","overlay-gradient":""},"tablet":{"background-color":"","background-image":"","background-repeat":"repeat","background-position":"center center","background-size":"auto","background-attachment":"scroll","background-type":"","background-media":"","overlay-type":"","overlay-color":"","overlay-opacity":"","overlay-gradient":""},"mobile":{"background-color":"","background-image":"","background-repeat":"repeat","background-position":"center center","background-size":"auto","background-attachment":"scroll","background-type":"","background-media":"","overlay-type":"","overlay-color":"","overlay-opacity":"","overlay-gradient":""}},"ast-content-background-meta":{"desktop":{"background-color":"var(--ast-global-color-5)","background-image":"","background-repeat":"repeat","background-position":"center center","background-size":"auto","background-attachment":"scroll","background-type":"","background-media":"","overlay-type":"","overlay-color":"","overlay-opacity":"","overlay-gradient":""},"tablet":{"background-color":"var(--ast-global-color-5)","background-image":"","background-repeat":"repeat","background-position":"center center","background-size":"auto","background-attachment":"scroll","background-type":"","background-media":"","overlay-type":"","overlay-color":"","overlay-opacity":"","overlay-gradient":""},"mobile":{"background-color":"var(--ast-global-color-5)","background-image":"","background-repeat":"repeat","background-position":"center center","background-size":"auto","background-attachment":"scroll","background-type":"","background-media":"","overlay-type":"","overlay-color":"","overlay-opacity":"","overlay-gradient":""}}},"product_brand":[],"product_cat":[26,53,214],"product_tag":[],"class_list":{"0":"post-5201","1":"product","2":"type-product","3":"status-publish","4":"has-post-thumbnail","6":"product_cat-acessorios","7":"product_cat-front-runner-2","8":"product_cat-front-runner-5","9":"desktop-align-left","10":"tablet-align-left","11":"mobile-align-left","12":"ast-product-gallery-layout-horizontal-slider","13":"ast-product-tabs-layout-horizontal","15":"first","16":"instock","17":"taxable","18":"shipping-taxable","19":"purchasable","20":"product-type-simple"},"_links":{"self":[{"href":"https:\/\/monstter.pt\/en\/wp-json\/wp\/v2\/product\/5201","targetHints":{"allow":["GET"]}}],"collection":[{"href":"https:\/\/monstter.pt\/en\/wp-json\/wp\/v2\/product"}],"about":[{"href":"https:\/\/monstter.pt\/en\/wp-json\/wp\/v2\/types\/product"}],"replies":[{"embeddable":true,"href":"https:\/\/monstter.pt\/en\/wp-json\/wp\/v2\/comments?post=5201"}],"wp:featuredmedia":[{"embeddable":true,"href":"https:\/\/monstter.pt\/en\/wp-json\/wp\/v2\/media\/5202"}],"wp:attachment":[{"href":"https:\/\/monstter.pt\/en\/wp-json\/wp\/v2\/media?parent=5201"}],"wp:term":[{"taxonomy":"product_brand","embeddable":true,"href":"https:\/\/monstter.pt\/en\/wp-json\/wp\/v2\/product_brand?post=5201"},{"taxonomy":"product_cat","embeddable":true,"href":"https:\/\/monstter.pt\/en\/wp-json\/wp\/v2\/product_cat?post=5201"},{"taxonomy":"product_tag","embeddable":true,"href":"https:\/\/monstter.pt\/en\/wp-json\/wp\/v2\/product_tag?post=5201"}],"curies":[{"name":"wp","href":"https:\/\/api.w.org\/{rel}","templated":true}]}}