{"id":6691,"date":"2022-03-22T09:52:26","date_gmt":"2022-03-22T09:52:26","guid":{"rendered":"https:\/\/monstter.pt\/?post_type=product&#038;p=6691"},"modified":"2024-03-13T15:59:37","modified_gmt":"2024-03-13T15:59:37","slug":"toldo-arb-revestido-de-aluminio","status":"publish","type":"product","link":"https:\/\/monstter.pt\/en\/produto\/toldo-arb-revestido-de-aluminio\/","title":{"rendered":"TOLDO ARB REVESTIDO DE ALUM\u00cdNIO"},"content":{"rendered":"<p>Complementando o design e a sofistica\u00e7\u00e3o dos 4&#215;4 modernos, o toldo revestido de alum\u00ednio da ARB oferece uma alternativa elegante e contempor\u00e2nea \u00e0s coberturas de toldo tradicionais, ao mesmo tempo em que adiciona funcionalidade aprimorada.<\/p>\n<p>Os tr\u00eas cabos el\u00e1sticos de libera\u00e7\u00e3o r\u00e1pida eliminam a necessidade de z\u00edperes, enquanto a tampa flip-up oferece simplicidade incompar\u00e1vel.\u00a0Um material resistente \u00e0 abras\u00e3o adicionado melhora a prote\u00e7\u00e3o de nossa tela comprovada de 300gsm, revestida com PU, totalmente \u00e0 prova d&#8217;\u00e1gua e protegida contra raios UV durante o armazenamento e viagem.<\/p>\n<p>O toldo \u00e9 suportado por postes de alum\u00ednio expans\u00edveis de bitola de 1,2 mm x 1 polegada de di\u00e2metro, anodizados para maior resist\u00eancia \u00e0 corros\u00e3o e perfeitos para instala\u00e7\u00e3o na praia.<\/p>\n","protected":false},"excerpt":{"rendered":"<p>Complementando o design e a sofistica\u00e7\u00e3o dos 4&#215;4 modernos, o toldo revestido de alum\u00ednio da ARB oferece uma alternativa elegante e contempor\u00e2nea \u00e0s coberturas de toldo tradicionais, ao mesmo tempo em que adiciona funcionalidade aprimorada<\/p>\n","protected":false},"featured_media":6692,"comment_status":"closed","ping_status":"closed","template":"","meta":{"_seopress_robots_primary_cat":"","_seopress_titles_title":"","_seopress_titles_desc":"","_seopress_robots_index":"","site-sidebar-layout":"default","site-content-layout":"default","ast-site-content-layout":"default","site-content-style":"default","site-sidebar-style":"default","ast-global-header-display":"","ast-banner-title-visibility":"","ast-main-header-display":"","ast-hfb-above-header-display":"","ast-hfb-below-header-display":"","ast-hfb-mobile-header-display":"","site-post-title":"","ast-breadcrumbs-content":"","ast-featured-img":"","footer-sml-layout":"","ast-disable-related-posts":"","theme-transparent-header-meta":"default","adv-header-id-meta":"","stick-header-meta":"","header-above-stick-meta":"","header-main-stick-meta":"","header-below-stick-meta":"","astra-migrate-meta-layouts":"default","ast-page-background-enabled":"default","ast-page-background-meta":{"desktop":{"background-color":"var(--ast-global-color-4)","background-image":"","background-repeat":"repeat","background-position":"center center","background-size":"auto","background-attachment":"scroll","background-type":"","background-media":"","overlay-type":"","overlay-color":"","overlay-opacity":"","overlay-gradient":""},"tablet":{"background-color":"","background-image":"","background-repeat":"repeat","background-position":"center center","background-size":"auto","background-attachment":"scroll","background-type":"","background-media":"","overlay-type":"","overlay-color":"","overlay-opacity":"","overlay-gradient":""},"mobile":{"background-color":"","background-image":"","background-repeat":"repeat","background-position":"center center","background-size":"auto","background-attachment":"scroll","background-type":"","background-media":"","overlay-type":"","overlay-color":"","overlay-opacity":"","overlay-gradient":""}},"ast-content-background-meta":{"desktop":{"background-color":"var(--ast-global-color-5)","background-image":"","background-repeat":"repeat","background-position":"center center","background-size":"auto","background-attachment":"scroll","background-type":"","background-media":"","overlay-type":"","overlay-color":"","overlay-opacity":"","overlay-gradient":""},"tablet":{"background-color":"var(--ast-global-color-5)","background-image":"","background-repeat":"repeat","background-position":"center center","background-size":"auto","background-attachment":"scroll","background-type":"","background-media":"","overlay-type":"","overlay-color":"","overlay-opacity":"","overlay-gradient":""},"mobile":{"background-color":"var(--ast-global-color-5)","background-image":"","background-repeat":"repeat","background-position":"center center","background-size":"auto","background-attachment":"scroll","background-type":"","background-media":"","overlay-type":"","overlay-color":"","overlay-opacity":"","overlay-gradient":""}}},"product_brand":[],"product_cat":[26,31,138,137],"product_tag":[],"class_list":{"0":"post-6691","1":"product","2":"type-product","3":"status-publish","4":"has-post-thumbnail","6":"product_cat-acessorios","7":"product_cat-arb","8":"product_cat-arb-toldos","9":"product_cat-toldos","10":"desktop-align-left","11":"tablet-align-left","12":"mobile-align-left","13":"ast-product-gallery-layout-horizontal-slider","14":"ast-product-tabs-layout-horizontal","16":"first","17":"onbackorder","18":"taxable","19":"shipping-taxable","20":"purchasable","21":"product-type-simple"},"_links":{"self":[{"href":"https:\/\/monstter.pt\/en\/wp-json\/wp\/v2\/product\/6691","targetHints":{"allow":["GET"]}}],"collection":[{"href":"https:\/\/monstter.pt\/en\/wp-json\/wp\/v2\/product"}],"about":[{"href":"https:\/\/monstter.pt\/en\/wp-json\/wp\/v2\/types\/product"}],"replies":[{"embeddable":true,"href":"https:\/\/monstter.pt\/en\/wp-json\/wp\/v2\/comments?post=6691"}],"wp:featuredmedia":[{"embeddable":true,"href":"https:\/\/monstter.pt\/en\/wp-json\/wp\/v2\/media\/6692"}],"wp:attachment":[{"href":"https:\/\/monstter.pt\/en\/wp-json\/wp\/v2\/media?parent=6691"}],"wp:term":[{"taxonomy":"product_brand","embeddable":true,"href":"https:\/\/monstter.pt\/en\/wp-json\/wp\/v2\/product_brand?post=6691"},{"taxonomy":"product_cat","embeddable":true,"href":"https:\/\/monstter.pt\/en\/wp-json\/wp\/v2\/product_cat?post=6691"},{"taxonomy":"product_tag","embeddable":true,"href":"https:\/\/monstter.pt\/en\/wp-json\/wp\/v2\/product_tag?post=6691"}],"curies":[{"name":"wp","href":"https:\/\/api.w.org\/{rel}","templated":true}]}}