{"id":6704,"date":"2022-03-22T10:07:41","date_gmt":"2022-03-22T10:07:41","guid":{"rendered":"https:\/\/monstter.pt\/?post_type=product&#038;p=6704"},"modified":"2024-03-13T15:59:17","modified_gmt":"2024-03-13T15:59:17","slug":"qarto-para-toldo-250-arb-deluxe","status":"publish","type":"product","link":"https:\/\/monstter.pt\/en\/produto\/qarto-para-toldo-250-arb-deluxe\/","title":{"rendered":"QUARTO PARA TOLDO 250 ARB DELUXE"},"content":{"rendered":"<p>Projetado para funcionar como um quarto totalmente fechado ou mosquiteiro, o novo quarto de toldo ARB Deluxe com piso oferece prote\u00e7\u00e3o contra intemp\u00e9ries, insetos e privacidade adicional.\u00a0F\u00e1cil e r\u00e1pido de configurar, a sala de toldos ARB Deluxe possui um piso imperme\u00e1vel dur\u00e1vel e seu pr\u00f3prio teto separado para ajudar a mant\u00ea-lo mais fresco.<\/p>\n<p>Todos os pain\u00e9is da parede principal incorporam portas de acesso s\u00f3lidas e de malha de duas vias operadas por z\u00edper para facilitar o acesso e acomodar mudan\u00e7as nas condi\u00e7\u00f5es clim\u00e1ticas.\u00a0(A parede do ve\u00edculo \u00e9 apenas uma parede com z\u00edper s\u00f3lido)<\/p>\n","protected":false},"excerpt":{"rendered":"<p>Todos os pain\u00e9is da parede principal incorporam portas de acesso s\u00f3lidas e de malha de duas vias operadas por z\u00edper para facilitar o acesso e acomodar mudan\u00e7as nas condi\u00e7\u00f5es clim\u00e1ticas.\u00a0(A parede do ve\u00edculo \u00e9 apenas uma parede com z\u00edper s\u00f3lido)<\/p>\n","protected":false},"featured_media":6713,"comment_status":"closed","ping_status":"closed","template":"","meta":{"_seopress_robots_primary_cat":"","_seopress_titles_title":"","_seopress_titles_desc":"","_seopress_robots_index":"","site-sidebar-layout":"default","site-content-layout":"default","ast-site-content-layout":"default","site-content-style":"default","site-sidebar-style":"default","ast-global-header-display":"","ast-banner-title-visibility":"","ast-main-header-display":"","ast-hfb-above-header-display":"","ast-hfb-below-header-display":"","ast-hfb-mobile-header-display":"","site-post-title":"","ast-breadcrumbs-content":"","ast-featured-img":"","footer-sml-layout":"","ast-disable-related-posts":"","theme-transparent-header-meta":"default","adv-header-id-meta":"","stick-header-meta":"","header-above-stick-meta":"","header-main-stick-meta":"","header-below-stick-meta":"","astra-migrate-meta-layouts":"default","ast-page-background-enabled":"default","ast-page-background-meta":{"desktop":{"background-color":"var(--ast-global-color-4)","background-image":"","background-repeat":"repeat","background-position":"center center","background-size":"auto","background-attachment":"scroll","background-type":"","background-media":"","overlay-type":"","overlay-color":"","overlay-opacity":"","overlay-gradient":""},"tablet":{"background-color":"","background-image":"","background-repeat":"repeat","background-position":"center center","background-size":"auto","background-attachment":"scroll","background-type":"","background-media":"","overlay-type":"","overlay-color":"","overlay-opacity":"","overlay-gradient":""},"mobile":{"background-color":"","background-image":"","background-repeat":"repeat","background-position":"center center","background-size":"auto","background-attachment":"scroll","background-type":"","background-media":"","overlay-type":"","overlay-color":"","overlay-opacity":"","overlay-gradient":""}},"ast-content-background-meta":{"desktop":{"background-color":"var(--ast-global-color-5)","background-image":"","background-repeat":"repeat","background-position":"center center","background-size":"auto","background-attachment":"scroll","background-type":"","background-media":"","overlay-type":"","overlay-color":"","overlay-opacity":"","overlay-gradient":""},"tablet":{"background-color":"var(--ast-global-color-5)","background-image":"","background-repeat":"repeat","background-position":"center center","background-size":"auto","background-attachment":"scroll","background-type":"","background-media":"","overlay-type":"","overlay-color":"","overlay-opacity":"","overlay-gradient":""},"mobile":{"background-color":"var(--ast-global-color-5)","background-image":"","background-repeat":"repeat","background-position":"center center","background-size":"auto","background-attachment":"scroll","background-type":"","background-media":"","overlay-type":"","overlay-color":"","overlay-opacity":"","overlay-gradient":""}}},"product_brand":[],"product_cat":[26,31,138,137],"product_tag":[],"class_list":{"0":"post-6704","1":"product","2":"type-product","3":"status-publish","4":"has-post-thumbnail","6":"product_cat-acessorios","7":"product_cat-arb","8":"product_cat-arb-toldos","9":"product_cat-toldos","10":"desktop-align-left","11":"tablet-align-left","12":"mobile-align-left","13":"ast-product-gallery-layout-horizontal-slider","14":"ast-product-tabs-layout-horizontal","16":"first","17":"instock","18":"taxable","19":"shipping-taxable","20":"purchasable","21":"product-type-simple"},"_links":{"self":[{"href":"https:\/\/monstter.pt\/en\/wp-json\/wp\/v2\/product\/6704","targetHints":{"allow":["GET"]}}],"collection":[{"href":"https:\/\/monstter.pt\/en\/wp-json\/wp\/v2\/product"}],"about":[{"href":"https:\/\/monstter.pt\/en\/wp-json\/wp\/v2\/types\/product"}],"replies":[{"embeddable":true,"href":"https:\/\/monstter.pt\/en\/wp-json\/wp\/v2\/comments?post=6704"}],"wp:featuredmedia":[{"embeddable":true,"href":"https:\/\/monstter.pt\/en\/wp-json\/wp\/v2\/media\/6713"}],"wp:attachment":[{"href":"https:\/\/monstter.pt\/en\/wp-json\/wp\/v2\/media?parent=6704"}],"wp:term":[{"taxonomy":"product_brand","embeddable":true,"href":"https:\/\/monstter.pt\/en\/wp-json\/wp\/v2\/product_brand?post=6704"},{"taxonomy":"product_cat","embeddable":true,"href":"https:\/\/monstter.pt\/en\/wp-json\/wp\/v2\/product_cat?post=6704"},{"taxonomy":"product_tag","embeddable":true,"href":"https:\/\/monstter.pt\/en\/wp-json\/wp\/v2\/product_tag?post=6704"}],"curies":[{"name":"wp","href":"https:\/\/api.w.org\/{rel}","templated":true}]}}