{"id":7124,"date":"2022-04-28T17:52:57","date_gmt":"2022-04-28T16:52:57","guid":{"rendered":"https:\/\/monstter.pt\/?post_type=product&#038;p=7124"},"modified":"2026-04-06T11:22:42","modified_gmt":"2026-04-06T10:22:42","slug":"stratchits-curtos","status":"publish","type":"product","link":"https:\/\/monstter.pt\/en\/produto\/stratchits-curtos\/","title":{"rendered":"Stratchits Curtos"},"content":{"rendered":"<p>Aperte as cargas de maneira simples e eficaz, para que voc\u00ea n\u00e3o precise se preocupar com o barulho de marchas nas estradas esburacadas.<\/p>\n<ul>\n<li>Ajust\u00e1vel de 470 mm a \u00a01017 mm<\/li>\n<li>N\u00e3o danificar\u00e1 o seu equipamento caro, como pranchas de surf, por excesso de aperto.<\/li>\n<li>Stratchits absorvem a tens\u00e3o como uma tira el\u00e1stica de catraca.<\/li>\n<li>R\u00e1pido e eficiente.\u00a0Simplesmente prenda as extremidades e aperte manualmente a al\u00e7a.<\/li>\n<li>Prende a praticamente qualquer coisa.<\/li>\n<li>Perfeito para racks e acess\u00f3rios de canal frontal, mas trabalha com todos os sistemas de rack.<\/li>\n<li>Muitos usos!\u00a0Seguro: Wolf Pack, Cub Pack e outros estojos (Pelican, Zargas, Alu-box, etc.) em qualquer rack de teto.<\/li>\n<li>Seguro: Pranchas de surf, SUP, bicicletas, lenha, cadeiras, etc.<\/li>\n<li>Mantenha o rack limpo e organizado com a cinta de gancho e presilha que arruma cuidadosamente o excesso de comprimento da cinta.<\/li>\n<li>Vendido em pares.<\/li>\n<\/ul>\n","protected":false},"excerpt":{"rendered":"<p>Revolucione a maneira como segura cargas no seu ve\u00edculo. O Stratchit \u00e9 o melhor empate com desempenho de catraca el\u00e1stico em uma pulseira leve e dur\u00e1vel.<\/p>\n<p>Esses novos e aprimorados Stratchits apresentam uma aba de velcro para disciplina de cinta e mosquet\u00f5es de a\u00e7o inoxid\u00e1vel maiores. Stratchits t\u00eam todos os benef\u00edcios de uma cinta catraca compacta e um cabo el\u00e1stico combinados. Vendido em pares.<\/p>\n","protected":false},"featured_media":7125,"comment_status":"closed","ping_status":"closed","template":"","meta":{"_seopress_robots_primary_cat":"","_seopress_titles_title":"","_seopress_titles_desc":"","_seopress_robots_index":"","site-sidebar-layout":"default","site-content-layout":"default","ast-site-content-layout":"default","site-content-style":"default","site-sidebar-style":"default","ast-global-header-display":"","ast-banner-title-visibility":"","ast-main-header-display":"","ast-hfb-above-header-display":"","ast-hfb-below-header-display":"","ast-hfb-mobile-header-display":"","site-post-title":"","ast-breadcrumbs-content":"","ast-featured-img":"","footer-sml-layout":"","ast-disable-related-posts":"","theme-transparent-header-meta":"default","adv-header-id-meta":"","stick-header-meta":"","header-above-stick-meta":"","header-main-stick-meta":"","header-below-stick-meta":"","astra-migrate-meta-layouts":"default","ast-page-background-enabled":"default","ast-page-background-meta":{"desktop":{"background-color":"var(--ast-global-color-4)","background-image":"","background-repeat":"repeat","background-position":"center center","background-size":"auto","background-attachment":"scroll","background-type":"","background-media":"","overlay-type":"","overlay-color":"","overlay-opacity":"","overlay-gradient":""},"tablet":{"background-color":"","background-image":"","background-repeat":"repeat","background-position":"center center","background-size":"auto","background-attachment":"scroll","background-type":"","background-media":"","overlay-type":"","overlay-color":"","overlay-opacity":"","overlay-gradient":""},"mobile":{"background-color":"","background-image":"","background-repeat":"repeat","background-position":"center center","background-size":"auto","background-attachment":"scroll","background-type":"","background-media":"","overlay-type":"","overlay-color":"","overlay-opacity":"","overlay-gradient":""}},"ast-content-background-meta":{"desktop":{"background-color":"var(--ast-global-color-5)","background-image":"","background-repeat":"repeat","background-position":"center center","background-size":"auto","background-attachment":"scroll","background-type":"","background-media":"","overlay-type":"","overlay-color":"","overlay-opacity":"","overlay-gradient":""},"tablet":{"background-color":"var(--ast-global-color-5)","background-image":"","background-repeat":"repeat","background-position":"center center","background-size":"auto","background-attachment":"scroll","background-type":"","background-media":"","overlay-type":"","overlay-color":"","overlay-opacity":"","overlay-gradient":""},"mobile":{"background-color":"var(--ast-global-color-5)","background-image":"","background-repeat":"repeat","background-position":"center center","background-size":"auto","background-attachment":"scroll","background-type":"","background-media":"","overlay-type":"","overlay-color":"","overlay-opacity":"","overlay-gradient":""}}},"product_brand":[],"product_cat":[26,225,52,53],"product_tag":[],"class_list":{"0":"post-7124","1":"product","2":"type-product","3":"status-publish","4":"has-post-thumbnail","6":"product_cat-acessorios","7":"product_cat-arrumacao","8":"product_cat-cintas","9":"product_cat-front-runner-2","10":"desktop-align-left","11":"tablet-align-left","12":"mobile-align-left","13":"ast-product-gallery-layout-horizontal-slider","14":"ast-product-tabs-layout-horizontal","16":"first","17":"instock","18":"taxable","19":"shipping-taxable","20":"purchasable","21":"product-type-simple"},"_links":{"self":[{"href":"https:\/\/monstter.pt\/en\/wp-json\/wp\/v2\/product\/7124","targetHints":{"allow":["GET"]}}],"collection":[{"href":"https:\/\/monstter.pt\/en\/wp-json\/wp\/v2\/product"}],"about":[{"href":"https:\/\/monstter.pt\/en\/wp-json\/wp\/v2\/types\/product"}],"replies":[{"embeddable":true,"href":"https:\/\/monstter.pt\/en\/wp-json\/wp\/v2\/comments?post=7124"}],"wp:featuredmedia":[{"embeddable":true,"href":"https:\/\/monstter.pt\/en\/wp-json\/wp\/v2\/media\/7125"}],"wp:attachment":[{"href":"https:\/\/monstter.pt\/en\/wp-json\/wp\/v2\/media?parent=7124"}],"wp:term":[{"taxonomy":"product_brand","embeddable":true,"href":"https:\/\/monstter.pt\/en\/wp-json\/wp\/v2\/product_brand?post=7124"},{"taxonomy":"product_cat","embeddable":true,"href":"https:\/\/monstter.pt\/en\/wp-json\/wp\/v2\/product_cat?post=7124"},{"taxonomy":"product_tag","embeddable":true,"href":"https:\/\/monstter.pt\/en\/wp-json\/wp\/v2\/product_tag?post=7124"}],"curies":[{"name":"wp","href":"https:\/\/api.w.org\/{rel}","templated":true}]}}