{"id":9245,"date":"2023-11-15T14:00:49","date_gmt":"2023-11-15T14:00:49","guid":{"rendered":"https:\/\/monstter.pt\/?post_type=product&#038;p=9245"},"modified":"2025-12-02T16:26:44","modified_gmt":"2025-12-02T16:26:44","slug":"adventure-bag-james-baroud","status":"publish","type":"product","link":"https:\/\/monstter.pt\/en\/produto\/adventure-bag-james-baroud\/","title":{"rendered":"Saco para Sapatos \/ Adventure Bag &#8211; James Baroud"},"content":{"rendered":"","protected":false},"excerpt":{"rendered":"<p>A\u00a0<strong>James Baroud Adventure Bag<\/strong>\u00a0\u00e9 uma mochila de PVC dur\u00e1vel projetada\u00a0<strong>para guardar seus sapatos enquanto acampa com uma barraca de telhado James Baroud<\/strong>\u00a0.\u00a0Com abertura superior e orif\u00edcios de drenagem, \u00e9 f\u00e1cil manter os sapatos organizados e limpos.\u00a0Prenda-o na escada ou use-o como mochila em caminhadas r\u00e1pidas.\u00a0Esta mochila possui uma abertura superior e orif\u00edcios de drenagem\u00a0<strong>para garantir que seus sapatos permane\u00e7am secos e sem lama<\/strong>\u00a0.<\/p>\n<p>Projetada para\u00a0<strong>ser fixada na escada de sua barraca no telhado<\/strong>\u00a0, a Bolsa Adventure permite que voc\u00ea transporte facilmente seus sapatos at\u00e9 a barraca sem deixar sujeira e detritos no colch\u00e3o.\u00a0E quando voc\u00ea estiver pronto para percorrer as trilhas para uma caminhada r\u00e1pida, simplesmente coloque a mochila nos ombros e pronto.\u00a0As al\u00e7as facilitam o transporte e o material resistente \u00e0 lama e areia garante que ele aguente qualquer aventura ao ar livre.<\/p>\n<p>No geral, a bolsa de aventura James Baroud \u00e9 um acess\u00f3rio indispens\u00e1vel para qualquer campista que deseja manter seus sapatos limpos e organizados durante suas aventuras ao ar livre.<\/p>\n","protected":false},"featured_media":9251,"comment_status":"closed","ping_status":"closed","template":"","meta":{"_seopress_robots_primary_cat":"none","_seopress_titles_title":"","_seopress_titles_desc":"","_seopress_robots_index":"","site-sidebar-layout":"default","site-content-layout":"","ast-site-content-layout":"default","site-content-style":"default","site-sidebar-style":"default","ast-global-header-display":"","ast-banner-title-visibility":"","ast-main-header-display":"","ast-hfb-above-header-display":"","ast-hfb-below-header-display":"","ast-hfb-mobile-header-display":"","site-post-title":"","ast-breadcrumbs-content":"","ast-featured-img":"","footer-sml-layout":"","ast-disable-related-posts":"","theme-transparent-header-meta":"default","adv-header-id-meta":"","stick-header-meta":"default","header-above-stick-meta":"","header-main-stick-meta":"","header-below-stick-meta":"","astra-migrate-meta-layouts":"set","ast-page-background-enabled":"default","ast-page-background-meta":{"desktop":{"background-color":"var(--ast-global-color-4)","background-image":"","background-repeat":"repeat","background-position":"center center","background-size":"auto","background-attachment":"scroll","background-type":"","background-media":"","overlay-type":"","overlay-color":"","overlay-opacity":"","overlay-gradient":""},"tablet":{"background-color":"","background-image":"","background-repeat":"repeat","background-position":"center center","background-size":"auto","background-attachment":"scroll","background-type":"","background-media":"","overlay-type":"","overlay-color":"","overlay-opacity":"","overlay-gradient":""},"mobile":{"background-color":"","background-image":"","background-repeat":"repeat","background-position":"center center","background-size":"auto","background-attachment":"scroll","background-type":"","background-media":"","overlay-type":"","overlay-color":"","overlay-opacity":"","overlay-gradient":""}},"ast-content-background-meta":{"desktop":{"background-color":"var(--ast-global-color-5)","background-image":"","background-repeat":"repeat","background-position":"center center","background-size":"auto","background-attachment":"scroll","background-type":"","background-media":"","overlay-type":"","overlay-color":"","overlay-opacity":"","overlay-gradient":""},"tablet":{"background-color":"var(--ast-global-color-5)","background-image":"","background-repeat":"repeat","background-position":"center center","background-size":"auto","background-attachment":"scroll","background-type":"","background-media":"","overlay-type":"","overlay-color":"","overlay-opacity":"","overlay-gradient":""},"mobile":{"background-color":"var(--ast-global-color-5)","background-image":"","background-repeat":"repeat","background-position":"center center","background-size":"auto","background-attachment":"scroll","background-type":"","background-media":"","overlay-type":"","overlay-color":"","overlay-opacity":"","overlay-gradient":""}}},"product_brand":[],"product_cat":[26,225,19,55,30],"product_tag":[223],"class_list":{"0":"post-9245","1":"product","2":"type-product","3":"status-publish","4":"has-post-thumbnail","6":"product_cat-acessorios","7":"product_cat-arrumacao","8":"product_cat-tendas-tejadilho-james-baroud","9":"product_cat-outros-2","10":"product_cat-toldos-e-outros-acessorios","11":"product_tag-black-week","12":"desktop-align-left","13":"tablet-align-left","14":"mobile-align-left","15":"ast-product-gallery-layout-horizontal-slider","16":"ast-product-tabs-layout-horizontal","18":"first","19":"onbackorder","20":"taxable","21":"shipping-taxable","22":"purchasable","23":"product-type-simple"},"_links":{"self":[{"href":"https:\/\/monstter.pt\/en\/wp-json\/wp\/v2\/product\/9245","targetHints":{"allow":["GET"]}}],"collection":[{"href":"https:\/\/monstter.pt\/en\/wp-json\/wp\/v2\/product"}],"about":[{"href":"https:\/\/monstter.pt\/en\/wp-json\/wp\/v2\/types\/product"}],"replies":[{"embeddable":true,"href":"https:\/\/monstter.pt\/en\/wp-json\/wp\/v2\/comments?post=9245"}],"wp:featuredmedia":[{"embeddable":true,"href":"https:\/\/monstter.pt\/en\/wp-json\/wp\/v2\/media\/9251"}],"wp:attachment":[{"href":"https:\/\/monstter.pt\/en\/wp-json\/wp\/v2\/media?parent=9245"}],"wp:term":[{"taxonomy":"product_brand","embeddable":true,"href":"https:\/\/monstter.pt\/en\/wp-json\/wp\/v2\/product_brand?post=9245"},{"taxonomy":"product_cat","embeddable":true,"href":"https:\/\/monstter.pt\/en\/wp-json\/wp\/v2\/product_cat?post=9245"},{"taxonomy":"product_tag","embeddable":true,"href":"https:\/\/monstter.pt\/en\/wp-json\/wp\/v2\/product_tag?post=9245"}],"curies":[{"name":"wp","href":"https:\/\/api.w.org\/{rel}","templated":true}]}}