{"id":9712,"date":"2024-06-18T12:21:33","date_gmt":"2024-06-18T11:21:33","guid":{"rendered":"https:\/\/monstter.pt\/?post_type=product&#038;p=9712"},"modified":"2024-06-18T12:24:55","modified_gmt":"2024-06-18T11:24:55","slug":"arca-frigorifica-dual-zone-55l","status":"publish","type":"product","link":"https:\/\/monstter.pt\/en\/produto\/arca-frigorifica-dual-zone-55l\/","title":{"rendered":"Arca Frigor\u00edfica Dual Zone 55L"},"content":{"rendered":"","protected":false},"excerpt":{"rendered":"<ul class=\"a-unordered-list a-vertical a-spacing-mini\">\n<li><span class=\"a-list-item\"><span>COMPARTIMENTO INTERNO: capacidade de 58 litros, o refrigerador port\u00e1til \u00e9 equipado com luz LED interna e plugue de drenagem. Diferentes alimentos podem ser colocados em cestos de armazenamento separadamente, caso contr\u00e1rio, h\u00e1 uma t\u00e1bua de corte para prepara\u00e7\u00e3o de alimentos. para mudar a dire\u00e7\u00e3o de abertura.<\/span><\/span><\/li>\n<li><span class=\"a-list-item\"><span>CONTROLE DUPLO DE TEMPERATURA: Painel LCD com controle preciso de temperatura, cada compartimento pode ser ajustado como geladeira e freezer de forma independente.<\/span><\/span><\/li>\n<li><span class=\"a-list-item\"><span>PROTE\u00c7\u00c3O DA BATERIA DO CARRO:Com fun\u00e7\u00e3o de mem\u00f3ria de temperatura e 3 n\u00edveis diferentes de prote\u00e7\u00e3o da bateria: Baixo, M\u00e9dio e Alto para proteger a bateria do seu ve\u00edculo sem esgotar.<\/span><\/span><\/li>\n<li><span class=\"a-list-item\"><span>SISTEMA DE REFRIGERA\u00c7\u00c3O DE ALTA EFICI\u00caNCIA: Alcance de resfriamento at\u00e9 -4 \u2109 (-20 \u2103), baixo ru\u00eddo durante a execu\u00e7\u00e3o. Painel LCD com controle preciso de temperatura, modos de resfriamento Max e ECO s\u00e3o opcionais.<\/span><\/span><\/li>\n<li><span class=\"a-list-item\"><span>Conveniente para viajar: nosso refrigerador de carro Alpicool pode ser aplicado em cami\u00f5es, ve\u00edculos, trailers, viagens rodovi\u00e1rias, pesca.<\/span><\/span><\/li>\n<\/ul>\n<p>647x400x571mm<\/p>\n","protected":false},"featured_media":9713,"comment_status":"closed","ping_status":"closed","template":"","meta":{"_seopress_robots_primary_cat":"none","_seopress_titles_title":"","_seopress_titles_desc":"","_seopress_robots_index":"","site-sidebar-layout":"default","site-content-layout":"","ast-site-content-layout":"default","site-content-style":"default","site-sidebar-style":"default","ast-global-header-display":"","ast-banner-title-visibility":"","ast-main-header-display":"","ast-hfb-above-header-display":"","ast-hfb-below-header-display":"","ast-hfb-mobile-header-display":"","site-post-title":"","ast-breadcrumbs-content":"","ast-featured-img":"","footer-sml-layout":"","ast-disable-related-posts":"","theme-transparent-header-meta":"default","adv-header-id-meta":"","stick-header-meta":"default","header-above-stick-meta":"","header-main-stick-meta":"","header-below-stick-meta":"","astra-migrate-meta-layouts":"set","ast-page-background-enabled":"default","ast-page-background-meta":{"desktop":{"background-color":"var(--ast-global-color-4)","background-image":"","background-repeat":"repeat","background-position":"center center","background-size":"auto","background-attachment":"scroll","background-type":"","background-media":"","overlay-type":"","overlay-color":"","overlay-opacity":"","overlay-gradient":""},"tablet":{"background-color":"","background-image":"","background-repeat":"repeat","background-position":"center center","background-size":"auto","background-attachment":"scroll","background-type":"","background-media":"","overlay-type":"","overlay-color":"","overlay-opacity":"","overlay-gradient":""},"mobile":{"background-color":"","background-image":"","background-repeat":"repeat","background-position":"center center","background-size":"auto","background-attachment":"scroll","background-type":"","background-media":"","overlay-type":"","overlay-color":"","overlay-opacity":"","overlay-gradient":""}},"ast-content-background-meta":{"desktop":{"background-color":"var(--ast-global-color-5)","background-image":"","background-repeat":"repeat","background-position":"center center","background-size":"auto","background-attachment":"scroll","background-type":"","background-media":"","overlay-type":"","overlay-color":"","overlay-opacity":"","overlay-gradient":""},"tablet":{"background-color":"var(--ast-global-color-5)","background-image":"","background-repeat":"repeat","background-position":"center center","background-size":"auto","background-attachment":"scroll","background-type":"","background-media":"","overlay-type":"","overlay-color":"","overlay-opacity":"","overlay-gradient":""},"mobile":{"background-color":"var(--ast-global-color-5)","background-image":"","background-repeat":"repeat","background-position":"center center","background-size":"auto","background-attachment":"scroll","background-type":"","background-media":"","overlay-type":"","overlay-color":"","overlay-opacity":"","overlay-gradient":""}}},"product_brand":[],"product_cat":[20,33],"product_tag":[],"class_list":{"0":"post-9712","1":"product","2":"type-product","3":"status-publish","4":"has-post-thumbnail","6":"product_cat-arcas-frigorificas","7":"product_cat-outras-marcas","8":"desktop-align-left","9":"tablet-align-left","10":"mobile-align-left","11":"ast-product-gallery-layout-horizontal-slider","12":"ast-product-tabs-layout-horizontal","14":"first","15":"instock","16":"taxable","17":"shipping-taxable","18":"purchasable","19":"product-type-simple"},"_links":{"self":[{"href":"https:\/\/monstter.pt\/en\/wp-json\/wp\/v2\/product\/9712","targetHints":{"allow":["GET"]}}],"collection":[{"href":"https:\/\/monstter.pt\/en\/wp-json\/wp\/v2\/product"}],"about":[{"href":"https:\/\/monstter.pt\/en\/wp-json\/wp\/v2\/types\/product"}],"replies":[{"embeddable":true,"href":"https:\/\/monstter.pt\/en\/wp-json\/wp\/v2\/comments?post=9712"}],"wp:featuredmedia":[{"embeddable":true,"href":"https:\/\/monstter.pt\/en\/wp-json\/wp\/v2\/media\/9713"}],"wp:attachment":[{"href":"https:\/\/monstter.pt\/en\/wp-json\/wp\/v2\/media?parent=9712"}],"wp:term":[{"taxonomy":"product_brand","embeddable":true,"href":"https:\/\/monstter.pt\/en\/wp-json\/wp\/v2\/product_brand?post=9712"},{"taxonomy":"product_cat","embeddable":true,"href":"https:\/\/monstter.pt\/en\/wp-json\/wp\/v2\/product_cat?post=9712"},{"taxonomy":"product_tag","embeddable":true,"href":"https:\/\/monstter.pt\/en\/wp-json\/wp\/v2\/product_tag?post=9712"}],"curies":[{"name":"wp","href":"https:\/\/api.w.org\/{rel}","templated":true}]}}