{"id":9877,"date":"2024-10-17T12:09:16","date_gmt":"2024-10-17T11:09:16","guid":{"rendered":"https:\/\/monstter.pt\/?post_type=product&#038;p=9877"},"modified":"2026-03-10T09:41:30","modified_gmt":"2026-03-10T09:41:30","slug":"rooftop-tent-little-bamboo-vickywood","status":"publish","type":"product","link":"https:\/\/monstter.pt\/en\/produto\/rooftop-tent-little-bamboo-vickywood\/","title":{"rendered":"Rooftop Tent LITTLE BAMBOO VICKYWOOD"},"content":{"rendered":"<h2>Vantagens da barraca de teto dobr\u00e1vel leve LITTLE BAMBOO<\/h2>\n<ul>\n<li>Leve e com pequena necessidade de \u00e1rea de teto &#8211; ideal para carros pequenos<\/li>\n<li>Tempo de configura\u00e7\u00e3o muito r\u00e1pido<\/li>\n<li>Grande sensa\u00e7\u00e3o de espa\u00e7o gra\u00e7as \u00e0s grandes janelas laterais e de teto<\/li>\n<li>Quarto para duas pessoas<\/li>\n<li>Feito de materiais dur\u00e1veis \u200b\u200be leves<\/li>\n<li>Tecido de tenda reciclado<\/li>\n<li>Janelas laterais de abertura e fechamento semiautom\u00e1tico<\/li>\n<li>Cinta para espa\u00e7o de armazenamento adicional no ch\u00e3o da barraca<\/li>\n<\/ul>\n<h2>Inclu\u00eddo:<\/h2>\n<ul>\n<li>Colch\u00e3o de espuma fria de 7 cm com capa repelente de \u00e1gua<\/li>\n<li>Ilumina\u00e7\u00e3o LED branca quente regul\u00e1vel (USB)<\/li>\n<li>Redes mosquiteiras de malha fina em todas as aberturas<\/li>\n<li>Um grande bolso para sapatos e um bolso de armazenamento adicional na entrada da barraca<\/li>\n<li>Escada de alum\u00ednio preta remov\u00edvel\n<ul>\n<li>230 cm de comprimento<\/li>\n<li>Capacidade de carga at\u00e9 150 kg<\/li>\n<\/ul>\n<\/li>\n<\/ul>\n<h2>Material:<\/h2>\n<ul>\n<li>Capa de chuva: poli\u00e9ster Oxford 420D, revestimento PU, W\/P, W\/R 3000 mm, UV 50+<\/li>\n<li>Tecido da barraca: tecido de poli\u00e9ster ripstop leve, 300 denier<\/li>\n<li>Cor da capa de chuva: caf\u00e9\/azul escuro<\/li>\n<li>Cor do tecido da barraca: areia\/azul<\/li>\n<li>Z\u00edper: SBS<\/li>\n<li>Piso: placa de favo de mel ultraleve<\/li>\n<\/ul>\n<h2>Dimens\u00f5es (C x L x A) | Peso (kg):<\/h2>\n<ul>\n<li>\u00c1rea de dormir: 225 x 120 x 115 cm (altura interna m\u00e1xima)<\/li>\n<li>Dimens\u00f5es exteriores da tenda aberta (C x L): 230 x 130 cm<\/li>\n<li>Dimens\u00f5es da tenda fechada: 130 x 120 x 27,7 cm<\/li>\n<li>Tamanho da embalagem: 135 x 130 x 35 cm<\/li>\n<li>Peso (incl. escada)*: 49 kg<\/li>\n<li>Peso (excluindo escada)*: 43 kg<\/li>\n<\/ul>\n","protected":false},"excerpt":{"rendered":"<p>A <strong>ultraleve<\/strong>\u00a0LITTLE BAMBOO \u00e9 perfeitamente adequada para ve\u00edculos menores com baixa carga din\u00e2mica no teto. Com\u00a0<strong>apenas 43 kg (sem escada)<\/strong> , \u00e9 uma das leves entre as tendas de tejadilho.<\/p>\n<ul>\n<li>Montagem e desmontagem r\u00e1pidas e sem esfor\u00e7o devido ao seu peso leve e janelas laterais de abertura\/fechamento semiautom\u00e1ticas<\/li>\n<li>Duas janelas de telhado e formato arredondado proporcionam uma agrad\u00e1vel sensa\u00e7\u00e3o de espa\u00e7o<\/li>\n<li>Inclui recursos pr\u00e1ticos, como ilumina\u00e7\u00e3o interna de LED regul\u00e1vel, bolsos para sapatos e mosquiteiros.<\/li>\n<\/ul>\n<p>Para o LITTLE BAMBOO GEN. 2, h\u00e1\u00a0<strong>acess\u00f3rios correspondentes<\/strong>\u00a0para tornar sua viagem de acampamento ainda mais confort\u00e1vel: de uma\u00a0sala anexa\u00a0a uma\u00a0barraca interna t\u00e9rmica\u00a0a uma\u00a0escada telesc\u00f3pica de at\u00e9 260 cm para ve\u00edculos altos, tudo est\u00e1 dispon\u00edvel opcionalmente. Al\u00e9m disso, voc\u00ea pode atualizar sua tenda para nosso colch\u00e3o de espuma de mem\u00f3ria\u00a0!<\/p>\n","protected":false},"featured_media":9883,"comment_status":"closed","ping_status":"closed","template":"","meta":{"_seopress_robots_primary_cat":"none","_seopress_titles_title":"","_seopress_titles_desc":"","_seopress_robots_index":"","site-sidebar-layout":"default","site-content-layout":"","ast-site-content-layout":"default","site-content-style":"default","site-sidebar-style":"default","ast-global-header-display":"","ast-banner-title-visibility":"","ast-main-header-display":"","ast-hfb-above-header-display":"","ast-hfb-below-header-display":"","ast-hfb-mobile-header-display":"","site-post-title":"","ast-breadcrumbs-content":"","ast-featured-img":"","footer-sml-layout":"","ast-disable-related-posts":"","theme-transparent-header-meta":"default","adv-header-id-meta":"","stick-header-meta":"default","header-above-stick-meta":"","header-main-stick-meta":"","header-below-stick-meta":"","astra-migrate-meta-layouts":"set","ast-page-background-enabled":"default","ast-page-background-meta":{"desktop":{"background-color":"var(--ast-global-color-4)","background-image":"","background-repeat":"repeat","background-position":"center center","background-size":"auto","background-attachment":"scroll","background-type":"","background-media":"","overlay-type":"","overlay-color":"","overlay-opacity":"","overlay-gradient":""},"tablet":{"background-color":"","background-image":"","background-repeat":"repeat","background-position":"center center","background-size":"auto","background-attachment":"scroll","background-type":"","background-media":"","overlay-type":"","overlay-color":"","overlay-opacity":"","overlay-gradient":""},"mobile":{"background-color":"","background-image":"","background-repeat":"repeat","background-position":"center center","background-size":"auto","background-attachment":"scroll","background-type":"","background-media":"","overlay-type":"","overlay-color":"","overlay-opacity":"","overlay-gradient":""}},"ast-content-background-meta":{"desktop":{"background-color":"var(--ast-global-color-5)","background-image":"","background-repeat":"repeat","background-position":"center center","background-size":"auto","background-attachment":"scroll","background-type":"","background-media":"","overlay-type":"","overlay-color":"","overlay-opacity":"","overlay-gradient":""},"tablet":{"background-color":"var(--ast-global-color-5)","background-image":"","background-repeat":"repeat","background-position":"center center","background-size":"auto","background-attachment":"scroll","background-type":"","background-media":"","overlay-type":"","overlay-color":"","overlay-opacity":"","overlay-gradient":""},"mobile":{"background-color":"var(--ast-global-color-5)","background-image":"","background-repeat":"repeat","background-position":"center center","background-size":"auto","background-attachment":"scroll","background-type":"","background-media":"","overlay-type":"","overlay-color":"","overlay-opacity":"","overlay-gradient":""}}},"product_brand":[],"product_cat":[17,292],"product_tag":[],"class_list":{"0":"post-9877","1":"product","2":"type-product","3":"status-publish","4":"has-post-thumbnail","6":"product_cat-sem-categoria","7":"product_cat-tendas-vickywood","8":"desktop-align-left","9":"tablet-align-left","10":"mobile-align-left","11":"ast-product-gallery-layout-horizontal-slider","12":"ast-product-single-variable","13":"ast-product-tabs-layout-horizontal","15":"first","16":"instock","17":"taxable","18":"shipping-taxable","19":"purchasable","20":"product-type-variable"},"_links":{"self":[{"href":"https:\/\/monstter.pt\/en\/wp-json\/wp\/v2\/product\/9877","targetHints":{"allow":["GET"]}}],"collection":[{"href":"https:\/\/monstter.pt\/en\/wp-json\/wp\/v2\/product"}],"about":[{"href":"https:\/\/monstter.pt\/en\/wp-json\/wp\/v2\/types\/product"}],"replies":[{"embeddable":true,"href":"https:\/\/monstter.pt\/en\/wp-json\/wp\/v2\/comments?post=9877"}],"wp:featuredmedia":[{"embeddable":true,"href":"https:\/\/monstter.pt\/en\/wp-json\/wp\/v2\/media\/9883"}],"wp:attachment":[{"href":"https:\/\/monstter.pt\/en\/wp-json\/wp\/v2\/media?parent=9877"}],"wp:term":[{"taxonomy":"product_brand","embeddable":true,"href":"https:\/\/monstter.pt\/en\/wp-json\/wp\/v2\/product_brand?post=9877"},{"taxonomy":"product_cat","embeddable":true,"href":"https:\/\/monstter.pt\/en\/wp-json\/wp\/v2\/product_cat?post=9877"},{"taxonomy":"product_tag","embeddable":true,"href":"https:\/\/monstter.pt\/en\/wp-json\/wp\/v2\/product_tag?post=9877"}],"curies":[{"name":"wp","href":"https:\/\/api.w.org\/{rel}","templated":true}]}}