{"id":9976,"date":"2024-10-18T10:32:25","date_gmt":"2024-10-18T09:32:25","guid":{"rendered":"https:\/\/monstter.pt\/?post_type=product&#038;p=9976"},"modified":"2024-10-18T11:23:33","modified_gmt":"2024-10-18T10:23:33","slug":"caneca-classica-legendary-camp-gris-035l","status":"publish","type":"product","link":"https:\/\/monstter.pt\/en\/produto\/caneca-classica-legendary-camp-gris-035l\/","title":{"rendered":"Caneca cl\u00e1ssica Legendary Camp Gris| 0,35L"},"content":{"rendered":"<ul class=\"c-details__list\">\n<li>12\u00a0OZ\u00a0\/ .35\u00a0L<\/li>\n<li>A\u00e7o inoxid\u00e1vel 18\/8, sem BPA<\/li>\n<li>Isolamento a v\u00e1cuo de parede dupla<\/li>\n<li>Tampa para beber Tritan\u2122<\/li>\n<li>Pode ser lavado na m\u00e1quina de lavar lou\u00e7a<\/li>\n<li>\n<div class=\"c-details__spec\">\n<div><\/div>\n<div class=\"c-details__label\">Peso:<\/div>\n<div class=\"u-fontMedium\">290<\/div>\n<\/div>\n<div class=\"c-details__spec\">\n<div class=\"c-details__label\">Dimens\u00f5es:<\/div>\n<div class=\"u-fontMedium\">108 x 99 x 120 mm<\/div>\n<\/div>\n<\/li>\n<\/ul>\n<p>&nbsp;<\/p>\n","protected":false},"excerpt":{"rendered":"<p>H\u00e1 uma raz\u00e3o pela qual chamamos esta caneca de acampamento de Legendary. Ela \u00e9 feita resistente com o isolamento a v\u00e1cuo de parede dupla da Stanley, para que suas bebidas favoritas permane\u00e7am quentes ou frias por mais tempo. A tampa segura de Tritan\u2122 com encaixe por press\u00e3o tamb\u00e9m evita respingos para que voc\u00ea possa beber facilmente na cozinha, no trabalho ou ao redor da fogueira. A Stanley Camp Mug foi projetada para ser compat\u00edvel com cafeteiras de uma x\u00edcara e nosso Classic Perfect-Brew Pour Over para aqueles que levam seu caf\u00e9 a s\u00e9rio.<\/p>\n","protected":false},"featured_media":9979,"comment_status":"closed","ping_status":"closed","template":"","meta":{"_seopress_robots_primary_cat":"none","_seopress_titles_title":"","_seopress_titles_desc":"","_seopress_robots_index":"","site-sidebar-layout":"default","site-content-layout":"","ast-site-content-layout":"default","site-content-style":"default","site-sidebar-style":"default","ast-global-header-display":"","ast-banner-title-visibility":"","ast-main-header-display":"","ast-hfb-above-header-display":"","ast-hfb-below-header-display":"","ast-hfb-mobile-header-display":"","site-post-title":"","ast-breadcrumbs-content":"","ast-featured-img":"","footer-sml-layout":"","ast-disable-related-posts":"","theme-transparent-header-meta":"default","adv-header-id-meta":"","stick-header-meta":"default","header-above-stick-meta":"","header-main-stick-meta":"","header-below-stick-meta":"","astra-migrate-meta-layouts":"set","ast-page-background-enabled":"default","ast-page-background-meta":{"desktop":{"background-color":"var(--ast-global-color-4)","background-image":"","background-repeat":"repeat","background-position":"center center","background-size":"auto","background-attachment":"scroll","background-type":"","background-media":"","overlay-type":"","overlay-color":"","overlay-opacity":"","overlay-gradient":""},"tablet":{"background-color":"","background-image":"","background-repeat":"repeat","background-position":"center center","background-size":"auto","background-attachment":"scroll","background-type":"","background-media":"","overlay-type":"","overlay-color":"","overlay-opacity":"","overlay-gradient":""},"mobile":{"background-color":"","background-image":"","background-repeat":"repeat","background-position":"center center","background-size":"auto","background-attachment":"scroll","background-type":"","background-media":"","overlay-type":"","overlay-color":"","overlay-opacity":"","overlay-gradient":""}},"ast-content-background-meta":{"desktop":{"background-color":"var(--ast-global-color-5)","background-image":"","background-repeat":"repeat","background-position":"center center","background-size":"auto","background-attachment":"scroll","background-type":"","background-media":"","overlay-type":"","overlay-color":"","overlay-opacity":"","overlay-gradient":""},"tablet":{"background-color":"var(--ast-global-color-5)","background-image":"","background-repeat":"repeat","background-position":"center center","background-size":"auto","background-attachment":"scroll","background-type":"","background-media":"","overlay-type":"","overlay-color":"","overlay-opacity":"","overlay-gradient":""},"mobile":{"background-color":"var(--ast-global-color-5)","background-image":"","background-repeat":"repeat","background-position":"center center","background-size":"auto","background-attachment":"scroll","background-type":"","background-media":"","overlay-type":"","overlay-color":"","overlay-opacity":"","overlay-gradient":""}}},"product_brand":[],"product_cat":[26,259,260],"product_tag":[],"class_list":{"0":"post-9976","1":"product","2":"type-product","3":"status-publish","4":"has-post-thumbnail","6":"product_cat-acessorios","7":"product_cat-stanley","8":"product_cat-stanley-2","9":"desktop-align-left","10":"tablet-align-left","11":"mobile-align-left","12":"ast-product-gallery-layout-horizontal-slider","13":"ast-product-tabs-layout-horizontal","15":"first","16":"instock","17":"taxable","18":"shipping-taxable","19":"purchasable","20":"product-type-simple"},"_links":{"self":[{"href":"https:\/\/monstter.pt\/en\/wp-json\/wp\/v2\/product\/9976","targetHints":{"allow":["GET"]}}],"collection":[{"href":"https:\/\/monstter.pt\/en\/wp-json\/wp\/v2\/product"}],"about":[{"href":"https:\/\/monstter.pt\/en\/wp-json\/wp\/v2\/types\/product"}],"replies":[{"embeddable":true,"href":"https:\/\/monstter.pt\/en\/wp-json\/wp\/v2\/comments?post=9976"}],"wp:featuredmedia":[{"embeddable":true,"href":"https:\/\/monstter.pt\/en\/wp-json\/wp\/v2\/media\/9979"}],"wp:attachment":[{"href":"https:\/\/monstter.pt\/en\/wp-json\/wp\/v2\/media?parent=9976"}],"wp:term":[{"taxonomy":"product_brand","embeddable":true,"href":"https:\/\/monstter.pt\/en\/wp-json\/wp\/v2\/product_brand?post=9976"},{"taxonomy":"product_cat","embeddable":true,"href":"https:\/\/monstter.pt\/en\/wp-json\/wp\/v2\/product_cat?post=9976"},{"taxonomy":"product_tag","embeddable":true,"href":"https:\/\/monstter.pt\/en\/wp-json\/wp\/v2\/product_tag?post=9976"}],"curies":[{"name":"wp","href":"https:\/\/api.w.org\/{rel}","templated":true}]}}